{"id":1029,"date":"2024-05-05T15:00:37","date_gmt":"2024-05-05T15:00:37","guid":{"rendered":"https:\/\/lendumhistorie.dk\/?page_id=1029"},"modified":"2024-05-05T15:00:37","modified_gmt":"2024-05-05T15:00:37","slug":"koldblodig-sabotoer","status":"publish","type":"page","link":"https:\/\/lendumhistorie.dk\/index.php\/koldblodig-sabotoer\/","title":{"rendered":"Koldblodig sabot\u00f8r"},"content":{"rendered":"\n<p>Selv om det snart er 80 \u00e5r siden, at Danmark blev en fri nation igen efter fem lange \u00e5rs bes\u00e6ttelse, s\u00e5 mindes vi stadig faldne modstandsfolk hvert \u00e5r den 5. maj. S\u00e5ledes ogs\u00e5 i \u00e5r ved mindestenen i Lendum i krydset ved Bolejevej\/Sk\u00e6rumvej for tre dr\u00e6bte sabot\u00f8rer fra Stokholm-gruppen.<\/p>\n\n\n\n<p>Stokholm-gruppen var egentlig en del af modstandsbev\u00e6gelsen i Frederikshavn. Den havde medlemmer, som stammede fra Lendum og ikke mindst kontakter i sognet, som blev aktiveret i januar 1945.<\/p>\n\n\n\n<p>Det oplevede Niels Ejner Jensen, som var f\u00f8dt og opvokset p\u00e5 Nyg\u00e5rd, p\u00e5 n\u00e6rmeste hold som teenager. Han skrev senere en lille beretning om den sidste tid inden befrielsen, hvor Nyg\u00e5rd blandt andet skjulte en af de meste efters\u00f8gte sabot\u00f8rer. Beretningen &#8220;Minder fra 1945 i Lendum&#8221; er opbevaret i Lendum Sogns Historiske Arkiv og nedenst\u00e5ende er hans oplevelser:<\/p>\n\n\n\n<p>I Nyg\u00e5rd stiftede vi f\u00f8rst bekendtskab med at skjule efters\u00f8gte personer i efter\u00e5ret 1944, hvor en politibetjent opholdt sig i Nyg\u00e5rd i en m\u00e5neds tid, hvorefter han fik ophold i H\u00f8rmested. Da modstandsbev\u00e6gelsen i Frederikshavn i januar 1945 var i fare for at blive tr\u00e6vlet op, kom t\u00f8mrermester Johs. Michelsen en aften med fire personer, der skulle skjules.<\/p>\n\n\n\n<figure class=\"wp-block-image size-large is-resized\"><img loading=\"lazy\" decoding=\"async\" width=\"739\" height=\"1024\" src=\"https:\/\/lendumhistorie.dk\/wp-content\/uploads\/2024\/05\/KO-arbejdsmand-739x1024.jpeg\" alt=\"\" class=\"wp-image-1031\" style=\"width:422px;height:auto\" srcset=\"https:\/\/lendumhistorie.dk\/wp-content\/uploads\/2024\/05\/KO-arbejdsmand-739x1024.jpeg 739w, https:\/\/lendumhistorie.dk\/wp-content\/uploads\/2024\/05\/KO-arbejdsmand-216x300.jpeg 216w, https:\/\/lendumhistorie.dk\/wp-content\/uploads\/2024\/05\/KO-arbejdsmand-768x1065.jpeg 768w, https:\/\/lendumhistorie.dk\/wp-content\/uploads\/2024\/05\/KO-arbejdsmand-1108x1536.jpeg 1108w, https:\/\/lendumhistorie.dk\/wp-content\/uploads\/2024\/05\/KO-arbejdsmand-1130x1567.jpeg 1130w, https:\/\/lendumhistorie.dk\/wp-content\/uploads\/2024\/05\/KO-arbejdsmand-760x1054.jpeg 760w, https:\/\/lendumhistorie.dk\/wp-content\/uploads\/2024\/05\/KO-arbejdsmand.jpeg 1333w\" sizes=\"auto, (max-width: 739px) 100vw, 739px\" \/><figcaption class=\"wp-element-caption\"><em>Knud Olsen opholdt sig p\u00e5 Nyg\u00e5rd i krigens sidste <br>m\u00e5neder.  Foto opbevaret i lokalhistorisk arkiv<\/em><\/figcaption><\/figure>\n\n\n\n<p>De fire blev fordelt s\u00e5ledes at Oluf Pedersen fik logi i N\u00f8rg\u00e5rd, Niels Lassen i Nyg\u00e5rd, Knud Olsen og Thorkild Petersen (gruppens leder) p\u00e5 g\u00e5rden Stokholm. Boleje fik kort efter ogs\u00e5 logerende, bl. a. i en lang periode Ib Rasmussen.<\/p>\n\n\n\n<p>Nogle dage efter ankomsten kom Thorkild og Knud en aften til Nyg\u00e5rd. De ville gerne k\u00f8res til Stenh\u00f8j, s\u00e5 da det p\u00e5 det n\u00e6rmeste var snestorm, foregik turen med sl\u00e6de med undertegnede som kusk. Senere kom det til mange af den slags ture til stationerne i Tolne og Sindal.<\/p>\n\n\n\n<p>Kort efter turen til Stenh\u00f8j &#8211; vistnok til elektriker Erhardtsen &#8211; blev det ordnet s\u00e5ledes, at Thorkild boede i N\u00f8rg\u00e5rd sammen med Oluf, medens Knud og Niels boede fast i Nyg\u00e5rd n\u00e6sten til tyskerne kapitulerede. I Nyg\u00e5rd havde ogs\u00e5 Robert Mellerup Jensen natlogi nogle gange. <\/p>\n\n\n\n<figure class=\"wp-block-image size-large is-resized\"><img loading=\"lazy\" decoding=\"async\" width=\"1024\" height=\"677\" src=\"https:\/\/lendumhistorie.dk\/wp-content\/uploads\/2024\/05\/KO-frihedskaemper-1024x677.jpeg\" alt=\"\" class=\"wp-image-1033\" style=\"width:569px;height:auto\" srcset=\"https:\/\/lendumhistorie.dk\/wp-content\/uploads\/2024\/05\/KO-frihedskaemper-1024x677.jpeg 1024w, https:\/\/lendumhistorie.dk\/wp-content\/uploads\/2024\/05\/KO-frihedskaemper-300x198.jpeg 300w, https:\/\/lendumhistorie.dk\/wp-content\/uploads\/2024\/05\/KO-frihedskaemper-768x508.jpeg 768w, https:\/\/lendumhistorie.dk\/wp-content\/uploads\/2024\/05\/KO-frihedskaemper-1536x1016.jpeg 1536w, https:\/\/lendumhistorie.dk\/wp-content\/uploads\/2024\/05\/KO-frihedskaemper-1130x747.jpeg 1130w, https:\/\/lendumhistorie.dk\/wp-content\/uploads\/2024\/05\/KO-frihedskaemper-760x503.jpeg 760w, https:\/\/lendumhistorie.dk\/wp-content\/uploads\/2024\/05\/KO-frihedskaemper.jpeg 1896w\" sizes=\"auto, (max-width: 1024px) 100vw, 1024px\" \/><figcaption class=\"wp-element-caption\"><em>Frihedsk\u00e6mper Knud Olsen den 6. maj 1945. Foto: Lokalhistorisk arkiv<\/em><\/figcaption><\/figure>\n\n\n\n<p>Knud Olsen var den af &#8220;frederikshavnerne&#8221;, der var mest efters\u00f8gt og havde en h\u00f8j dus\u00f8r for p\u00e5gribelse h\u00e6ngende over hovedet.<\/p>\n\n\n\n<p>Hans koldblodighed var forbavsende.<\/p>\n\n\n\n<p>En dag kom der tre tyske soldater p\u00e5 jagt efter sabot\u00f8rer ind i kostalden i Nyg\u00e5rd, hvor Knud, Niels og undertegnede var i f\u00e6rd med at fodre dyrene. Knud b\u00f8d p\u00e5 det n\u00e6rmeste tyskerne velkommen, mens Niels diskret forsvandt ind i laden for at se, om v\u00e5bnene var skjult. Tyskerne blev s\u00e5 interesserede i Knuds beretning om Dansk Landbrug, at de gav cigaretter og takkede, da de gik &#8211; efter at have forvisset sig om, at der i hvert fald ingen sabot\u00f8rer var p\u00e5 denne g\u00e5rd. <\/p>\n\n\n\n<p>&#8220;Knuds pr\u00e6station skal ses p\u00e5 baggrund af, at han var uddannet svejser og n\u00e6ppe havde kendskab til landbrug, f\u00f8r han kom til Lendum, sluttede Niels Ejnar Jensen sin beretning.<\/p>\n\n\n\n<figure class=\"wp-block-image size-large is-resized\"><img loading=\"lazy\" decoding=\"async\" width=\"1024\" height=\"688\" src=\"https:\/\/lendumhistorie.dk\/wp-content\/uploads\/2024\/05\/KO-vaaben-1024x688.jpeg\" alt=\"\" class=\"wp-image-1032\" style=\"width:618px;height:auto\" srcset=\"https:\/\/lendumhistorie.dk\/wp-content\/uploads\/2024\/05\/KO-vaaben-1024x688.jpeg 1024w, https:\/\/lendumhistorie.dk\/wp-content\/uploads\/2024\/05\/KO-vaaben-300x201.jpeg 300w, https:\/\/lendumhistorie.dk\/wp-content\/uploads\/2024\/05\/KO-vaaben-768x516.jpeg 768w, https:\/\/lendumhistorie.dk\/wp-content\/uploads\/2024\/05\/KO-vaaben-1536x1031.jpeg 1536w, https:\/\/lendumhistorie.dk\/wp-content\/uploads\/2024\/05\/KO-vaaben-1130x759.jpeg 1130w, https:\/\/lendumhistorie.dk\/wp-content\/uploads\/2024\/05\/KO-vaaben-760x510.jpeg 760w, https:\/\/lendumhistorie.dk\/wp-content\/uploads\/2024\/05\/KO-vaaben.jpeg 1863w\" sizes=\"auto, (max-width: 1024px) 100vw, 1024px\" \/><figcaption class=\"wp-element-caption\"><em>Der hentes v\u00e5ben i Nyg\u00e5rd den 6. maj i en lastbil tilh\u00f8rende mejeriet Glistrup. <br>Foto: Lokalhistorisk arkiv<\/em><\/figcaption><\/figure>\n\n\n\n<hr class=\"wp-block-separator has-alpha-channel-opacity\"\/>\n\n\n\n<p>Noter: Oluf Pedersen og Robert Mellerup Jensen var to af de tre modstandsfolk, som mistede livet den 1. maj 1945 som f\u00f8lge af at tyske vagter \u00e5bnede ild mod dem i krydset ved Bolejevej. Den tredje var Knud Thomsen, som stammede fra g\u00e5rden Hvidborg.<\/p>\n\n\n\n<p>Gruppens leder Thorkild Petersen har skrevet om episoden ved Bolejevej i bogen Lendum Sogn, som arkivet udgav i 1990. <\/p>\n\n\n\n<p><\/p>\n","protected":false},"excerpt":{"rendered":"<p>Selv om det snart er 80 \u00e5r siden, at Danmark blev en fri nation igen efter fem lange \u00e5rs bes\u00e6ttelse, s\u00e5 mindes vi stadig faldne modstandsfolk hvert \u00e5r den 5. maj. S\u00e5ledes ogs\u00e5 i \u00e5r ved mindestenen i Lendum i krydset ved Bolejevej\/Sk\u00e6rumvej for tre dr\u00e6bte sabot\u00f8rer fra Stokholm-gruppen. Stokholm-gruppen&#8230;<\/p>\n","protected":false},"author":1,"featured_media":0,"parent":0,"menu_order":0,"comment_status":"closed","ping_status":"closed","template":"","meta":{"footnotes":""},"class_list":["post-1029","page","type-page","status-publish","hentry"],"_links":{"self":[{"href":"https:\/\/lendumhistorie.dk\/index.php\/wp-json\/wp\/v2\/pages\/1029","targetHints":{"allow":["GET"]}}],"collection":[{"href":"https:\/\/lendumhistorie.dk\/index.php\/wp-json\/wp\/v2\/pages"}],"about":[{"href":"https:\/\/lendumhistorie.dk\/index.php\/wp-json\/wp\/v2\/types\/page"}],"author":[{"embeddable":true,"href":"https:\/\/lendumhistorie.dk\/index.php\/wp-json\/wp\/v2\/users\/1"}],"replies":[{"embeddable":true,"href":"https:\/\/lendumhistorie.dk\/index.php\/wp-json\/wp\/v2\/comments?post=1029"}],"version-history":[{"count":3,"href":"https:\/\/lendumhistorie.dk\/index.php\/wp-json\/wp\/v2\/pages\/1029\/revisions"}],"predecessor-version":[{"id":1036,"href":"https:\/\/lendumhistorie.dk\/index.php\/wp-json\/wp\/v2\/pages\/1029\/revisions\/1036"}],"wp:attachment":[{"href":"https:\/\/lendumhistorie.dk\/index.php\/wp-json\/wp\/v2\/media?parent=1029"}],"curies":[{"name":"wp","href":"https:\/\/api.w.org\/{rel}","templated":true}]}}