{"id":109,"date":"2022-01-13T15:50:33","date_gmt":"2022-01-13T15:50:33","guid":{"rendered":"http:\/\/lendumhistorie.dk\/?page_id=109"},"modified":"2023-03-14T12:00:29","modified_gmt":"2023-03-14T12:00:29","slug":"blog","status":"publish","type":"page","link":"https:\/\/lendumhistorie.dk\/index.php\/blog\/","title":{"rendered":"Generalforsamling"},"content":{"rendered":"\n<h1 class=\"wp-block-heading\">Godt fremm\u00f8de i arkivet trods sne og rusk<\/h1>\n\n\n\n<div class=\"wp-block-group\"><div class=\"wp-block-group__inner-container is-layout-flow wp-block-group-is-layout-flow\">\n<p>Lendum Sogns Lokalhistoriske Arkiv har afviklet den \u00e5rlige generalforsamling. Trods det store snefald p\u00e5 dagen den 7. marts kom det n\u00e6sten til at knibe med pladsen rundt om det udvidede bord i arkivets m\u00f8delokale. <\/p>\n\n\n\n<p>Her fortalte formanden om det store registreringsarbejde over indleveret brugt v\u00e6rkt\u00f8j mv, som flere bestyrelsesmedlemmer har haft gang i over en l\u00e6ngere periode. Tidligere havde hver ting f\u00e5et et nummer p\u00e5f\u00f8rt og nummeret opf\u00f8rt i indleveringsb\u00f8ger. B\u00f8gerne er blevet brugt flittigt  til at finde ud af, hvem der brugt tingene, til hvad, og form\u00e5let er at f\u00e5 lavet en udstilling med laminerede sedler over hver enkelt redskab mm. Bestyrelsen har planlagt flere arbejdsdage for at f\u00e5 dette arbejde gjort f\u00e6rdigt.<\/p>\n\n\n\n<hr class=\"wp-block-separator has-alpha-channel-opacity\"\/>\n\n\n\n<figure class=\"wp-block-gallery has-nested-images columns-default is-cropped wp-block-gallery-1 is-layout-flex wp-block-gallery-is-layout-flex\">\n<figure class=\"wp-block-image size-large\"><img loading=\"lazy\" decoding=\"async\" width=\"1024\" height=\"768\" data-id=\"833\" src=\"https:\/\/lendumhistorie.dk\/wp-content\/uploads\/2023\/03\/Oprydning6-1024x768.jpg\" alt=\"\" class=\"wp-image-833\" srcset=\"https:\/\/lendumhistorie.dk\/wp-content\/uploads\/2023\/03\/Oprydning6-1024x768.jpg 1024w, https:\/\/lendumhistorie.dk\/wp-content\/uploads\/2023\/03\/Oprydning6-300x225.jpg 300w, https:\/\/lendumhistorie.dk\/wp-content\/uploads\/2023\/03\/Oprydning6-768x576.jpg 768w, https:\/\/lendumhistorie.dk\/wp-content\/uploads\/2023\/03\/Oprydning6-1536x1152.jpg 1536w, https:\/\/lendumhistorie.dk\/wp-content\/uploads\/2023\/03\/Oprydning6-2048x1536.jpg 2048w, https:\/\/lendumhistorie.dk\/wp-content\/uploads\/2023\/03\/Oprydning6-1130x848.jpg 1130w, https:\/\/lendumhistorie.dk\/wp-content\/uploads\/2023\/03\/Oprydning6-760x570.jpg 760w\" sizes=\"auto, (max-width: 1024px) 100vw, 1024px\" \/><\/figure>\n\n\n\n<figure class=\"wp-block-image size-large\"><img loading=\"lazy\" decoding=\"async\" width=\"1024\" height=\"768\" data-id=\"835\" src=\"https:\/\/lendumhistorie.dk\/wp-content\/uploads\/2023\/03\/Oprydning1-1024x768.jpg\" alt=\"\" class=\"wp-image-835\" srcset=\"https:\/\/lendumhistorie.dk\/wp-content\/uploads\/2023\/03\/Oprydning1-1024x768.jpg 1024w, https:\/\/lendumhistorie.dk\/wp-content\/uploads\/2023\/03\/Oprydning1-300x225.jpg 300w, https:\/\/lendumhistorie.dk\/wp-content\/uploads\/2023\/03\/Oprydning1-768x576.jpg 768w, https:\/\/lendumhistorie.dk\/wp-content\/uploads\/2023\/03\/Oprydning1-1536x1152.jpg 1536w, https:\/\/lendumhistorie.dk\/wp-content\/uploads\/2023\/03\/Oprydning1-2048x1536.jpg 2048w, https:\/\/lendumhistorie.dk\/wp-content\/uploads\/2023\/03\/Oprydning1-1130x848.jpg 1130w, https:\/\/lendumhistorie.dk\/wp-content\/uploads\/2023\/03\/Oprydning1-760x570.jpg 760w\" sizes=\"auto, (max-width: 1024px) 100vw, 1024px\" \/><\/figure>\n\n\n\n<figure class=\"wp-block-image size-large\"><img loading=\"lazy\" decoding=\"async\" width=\"1024\" height=\"768\" data-id=\"836\" src=\"https:\/\/lendumhistorie.dk\/wp-content\/uploads\/2023\/03\/Oprydning2-1024x768.jpg\" alt=\"\" class=\"wp-image-836\" srcset=\"https:\/\/lendumhistorie.dk\/wp-content\/uploads\/2023\/03\/Oprydning2-1024x768.jpg 1024w, https:\/\/lendumhistorie.dk\/wp-content\/uploads\/2023\/03\/Oprydning2-300x225.jpg 300w, https:\/\/lendumhistorie.dk\/wp-content\/uploads\/2023\/03\/Oprydning2-768x576.jpg 768w, https:\/\/lendumhistorie.dk\/wp-content\/uploads\/2023\/03\/Oprydning2-1536x1152.jpg 1536w, https:\/\/lendumhistorie.dk\/wp-content\/uploads\/2023\/03\/Oprydning2-2048x1536.jpg 2048w, https:\/\/lendumhistorie.dk\/wp-content\/uploads\/2023\/03\/Oprydning2-1130x848.jpg 1130w, https:\/\/lendumhistorie.dk\/wp-content\/uploads\/2023\/03\/Oprydning2-760x570.jpg 760w\" sizes=\"auto, (max-width: 1024px) 100vw, 1024px\" \/><\/figure>\n\n\n\n<figure class=\"wp-block-image size-large\"><img loading=\"lazy\" decoding=\"async\" width=\"1024\" height=\"768\" data-id=\"837\" src=\"https:\/\/lendumhistorie.dk\/wp-content\/uploads\/2023\/03\/Oprydning3-1024x768.jpg\" alt=\"\" class=\"wp-image-837\" srcset=\"https:\/\/lendumhistorie.dk\/wp-content\/uploads\/2023\/03\/Oprydning3-1024x768.jpg 1024w, https:\/\/lendumhistorie.dk\/wp-content\/uploads\/2023\/03\/Oprydning3-300x225.jpg 300w, https:\/\/lendumhistorie.dk\/wp-content\/uploads\/2023\/03\/Oprydning3-768x576.jpg 768w, https:\/\/lendumhistorie.dk\/wp-content\/uploads\/2023\/03\/Oprydning3-1536x1152.jpg 1536w, https:\/\/lendumhistorie.dk\/wp-content\/uploads\/2023\/03\/Oprydning3-2048x1536.jpg 2048w, https:\/\/lendumhistorie.dk\/wp-content\/uploads\/2023\/03\/Oprydning3-1130x848.jpg 1130w, https:\/\/lendumhistorie.dk\/wp-content\/uploads\/2023\/03\/Oprydning3-760x570.jpg 760w\" sizes=\"auto, (max-width: 1024px) 100vw, 1024px\" \/><\/figure>\n\n\n\n<figure class=\"wp-block-image size-large\"><img loading=\"lazy\" decoding=\"async\" width=\"1024\" height=\"768\" data-id=\"838\" src=\"https:\/\/lendumhistorie.dk\/wp-content\/uploads\/2023\/03\/Oprydning5-1024x768.jpg\" alt=\"\" class=\"wp-image-838\" srcset=\"https:\/\/lendumhistorie.dk\/wp-content\/uploads\/2023\/03\/Oprydning5-1024x768.jpg 1024w, https:\/\/lendumhistorie.dk\/wp-content\/uploads\/2023\/03\/Oprydning5-300x225.jpg 300w, https:\/\/lendumhistorie.dk\/wp-content\/uploads\/2023\/03\/Oprydning5-768x576.jpg 768w, https:\/\/lendumhistorie.dk\/wp-content\/uploads\/2023\/03\/Oprydning5-1536x1152.jpg 1536w, https:\/\/lendumhistorie.dk\/wp-content\/uploads\/2023\/03\/Oprydning5-2048x1536.jpg 2048w, https:\/\/lendumhistorie.dk\/wp-content\/uploads\/2023\/03\/Oprydning5-1130x848.jpg 1130w, https:\/\/lendumhistorie.dk\/wp-content\/uploads\/2023\/03\/Oprydning5-760x570.jpg 760w\" sizes=\"auto, (max-width: 1024px) 100vw, 1024px\" \/><\/figure>\n\n\n\n<figure class=\"wp-block-image size-large\"><img loading=\"lazy\" decoding=\"async\" width=\"1024\" height=\"768\" data-id=\"839\" src=\"https:\/\/lendumhistorie.dk\/wp-content\/uploads\/2023\/03\/Oprydning4-1024x768.jpg\" alt=\"\" class=\"wp-image-839\" srcset=\"https:\/\/lendumhistorie.dk\/wp-content\/uploads\/2023\/03\/Oprydning4-1024x768.jpg 1024w, https:\/\/lendumhistorie.dk\/wp-content\/uploads\/2023\/03\/Oprydning4-300x225.jpg 300w, https:\/\/lendumhistorie.dk\/wp-content\/uploads\/2023\/03\/Oprydning4-768x576.jpg 768w, https:\/\/lendumhistorie.dk\/wp-content\/uploads\/2023\/03\/Oprydning4-1536x1152.jpg 1536w, https:\/\/lendumhistorie.dk\/wp-content\/uploads\/2023\/03\/Oprydning4-2048x1536.jpg 2048w, https:\/\/lendumhistorie.dk\/wp-content\/uploads\/2023\/03\/Oprydning4-1130x848.jpg 1130w, https:\/\/lendumhistorie.dk\/wp-content\/uploads\/2023\/03\/Oprydning4-760x570.jpg 760w\" sizes=\"auto, (max-width: 1024px) 100vw, 1024px\" \/><\/figure>\n<\/figure>\n\n\n\n<p><em>Bestyrelsesmedlemmer Birgit Jensen og Rita Larsen midt i oprydning i rummet med gamle redskaber. I den nederste r\u00e6kke i billedgalleriet er der kommet styr p\u00e5 tingene og der er lavet sedler til hver enkelt ting. For eksempel er maskinen i nederste foto til h\u00f8jre en tvebakke maskine, som har tilh\u00f8rt bagermester Sundb\u00e6k Johansen, og nedenunder den et par klejneruller. Foto: Poul Christoffersen.<\/em><\/p>\n\n\n\n<hr class=\"wp-block-separator has-alpha-channel-opacity\"\/>\n\n\n\n<p>Samtidigt bliver det ryddet op i rummet for ting, som tidligere var afleveret uden at blive registreret i b\u00f8gerne, men som blot har fyldt op i rummet, og hvor der nu bliver mere plads til at kigge p\u00e5 den fremtidige udstilling af redskaber, som tidligere h\u00e5ndv\u00e6rkere og andre borgere i sognet brugte. <\/p>\n\n\n\n<p>Det g\u00e5r langsommere med at komme igennem noget papir- og billedmateriale, som er blevet afleveret. Herunder en stor kasse fra en oprydning hos LUGI. Den opgave er ogs\u00e5 en af grundene til, at bestyrelsen har holdt ekstra arbejdsdage i den forgangne periode. <\/p>\n\n\n\n<p>&#8220;For vi f\u00e5r ikke ret meget fra h\u00e5nden p\u00e5 en almindelig m\u00e5nedlig \u00e5bningsdag p\u00e5 et par timer&#8221;, sagde Doris Kristensen.<\/p>\n\n\n\n<p>Formanden beklagede sig over, at der heller ikke i 2022 kom nye vinduer i skolens k\u00e6lderrum: &#8220;Vinduerne p\u00e5 p\u00e5 godt dansk godt &#8220;godt m\u00e5get&#8221; og ut\u00e6tte. S\u00e6rligt i vores udstilling Skolestuen siver vandet ind. Skolen er underrettet \u00e9n gang til.&#8221;<\/p>\n\n\n\n<p>Under beretningen kom Doris Kristensen kom ogs\u00e5 ind p\u00e5 et bes\u00f8g i arkivet i Mosbjerg, vores egen hjemmeside lendumhistorie.dk og at der er installeret nyt lys, som giver besparelse p\u00e5 lysregningen.<\/p>\n\n\n\n<p>Den 20. august havde arkivet i Lendum arrangeret en bustur til Egnssamlingen i Saltum. Et godt arrangement for deltagerne, men kun 11 var med i bussen. Det antal er for lidt til at leje en bus. <\/p>\n\n\n\n<p>&#8220;S\u00e5 m\u00e5ske overvejer vi at lave en k\u00f8r selv tur&#8221;.<\/p>\n\n\n\n<p>Bestyrelsen lavede efterf\u00f8lgende en bestyrelsestur til Saltum for at hente yderligere inspiration.<\/p>\n\n\n\n<figure class=\"wp-block-image size-large is-resized\"><img loading=\"lazy\" decoding=\"async\" src=\"https:\/\/lendumhistorie.dk\/wp-content\/uploads\/2022\/01\/Bestyrelsen-scaled-e1642609906468-1024x571.jpg\" alt=\"\" class=\"wp-image-137\" width=\"838\" height=\"468\" srcset=\"https:\/\/lendumhistorie.dk\/wp-content\/uploads\/2022\/01\/Bestyrelsen-scaled-e1642609906468-1024x571.jpg 1024w, https:\/\/lendumhistorie.dk\/wp-content\/uploads\/2022\/01\/Bestyrelsen-scaled-e1642609906468-300x167.jpg 300w, https:\/\/lendumhistorie.dk\/wp-content\/uploads\/2022\/01\/Bestyrelsen-scaled-e1642609906468-768x428.jpg 768w, https:\/\/lendumhistorie.dk\/wp-content\/uploads\/2022\/01\/Bestyrelsen-scaled-e1642609906468-1536x856.jpg 1536w, https:\/\/lendumhistorie.dk\/wp-content\/uploads\/2022\/01\/Bestyrelsen-scaled-e1642609906468-2048x1142.jpg 2048w, https:\/\/lendumhistorie.dk\/wp-content\/uploads\/2022\/01\/Bestyrelsen-scaled-e1642609906468-1130x630.jpg 1130w, https:\/\/lendumhistorie.dk\/wp-content\/uploads\/2022\/01\/Bestyrelsen-scaled-e1642609906468-760x424.jpg 760w\" sizes=\"auto, (max-width: 838px) 100vw, 838px\" \/><figcaption class=\"wp-element-caption\"><em>Genvalg. Bestyrelsen best\u00e5r fortsat af fra venstre kasserer Erik Larsen, formand Doris Kristensen, sekret\u00e6r Helle Christiansen samt af bestyrelsesmedlemmer Birgit Kj\u00e6rsgaard Jensen og Rita Larsen. Foto: Poul Christoffersen<\/em><\/figcaption><\/figure>\n\n\n\n<p>Beretningen indeholdt ogs\u00e5 omtale af byvandringen den 17. juni, som startede i vestbyen og som sluttede ved kirkens plads. I samarbejde med Brugsen var et telt sl\u00e5et op p\u00e5 p-pladsen, og Brugsen havde godt gang i grillen  med p\u00f8lser og br\u00f8d til de omkring 40 deltagere. Byvandringen forts\u00e6tter fredag den 9. juni i \u00e5r. Ogs\u00e5 i samarbejde med Brugsen<\/p>\n\n\n\n<p>Formandens beretning og kassererens reviderede regnskab blev godkendt enstemmigt og bestyrelsen forts\u00e6tter med u\u00e6ndret sammens\u00e6tning, idet Doris Kristensen, Birgit Kj\u00e6rsgaard Jensen og Rita Larsen modtog genvalg.  Poul Christoffersen blev genvalgt som suppleant.<\/p>\n<\/div><\/div>\n\n\n\n<div class=\"wp-block-group\"><div class=\"wp-block-group__inner-container is-layout-flow wp-block-group-is-layout-flow\">\n<p>Bestyrelsen m\u00f8des snarest for at konstituere sig og l\u00e6gge flere planer for fremtiden.<\/p>\n<\/div><\/div>\n\n\n\n<p><\/p>\n","protected":false},"excerpt":{"rendered":"<p>Godt fremm\u00f8de i arkivet trods sne og rusk Lendum Sogns Lokalhistoriske Arkiv har afviklet den \u00e5rlige generalforsamling. Trods det store snefald p\u00e5 dagen den 7. marts kom det n\u00e6sten til at knibe med pladsen rundt om det udvidede bord i arkivets m\u00f8delokale. Her fortalte formanden om det store registreringsarbejde over&#8230;<\/p>\n","protected":false},"author":1,"featured_media":0,"parent":0,"menu_order":0,"comment_status":"closed","ping_status":"closed","template":"","meta":{"footnotes":""},"class_list":["post-109","page","type-page","status-publish","hentry"],"_links":{"self":[{"href":"https:\/\/lendumhistorie.dk\/index.php\/wp-json\/wp\/v2\/pages\/109","targetHints":{"allow":["GET"]}}],"collection":[{"href":"https:\/\/lendumhistorie.dk\/index.php\/wp-json\/wp\/v2\/pages"}],"about":[{"href":"https:\/\/lendumhistorie.dk\/index.php\/wp-json\/wp\/v2\/types\/page"}],"author":[{"embeddable":true,"href":"https:\/\/lendumhistorie.dk\/index.php\/wp-json\/wp\/v2\/users\/1"}],"replies":[{"embeddable":true,"href":"https:\/\/lendumhistorie.dk\/index.php\/wp-json\/wp\/v2\/comments?post=109"}],"version-history":[{"count":14,"href":"https:\/\/lendumhistorie.dk\/index.php\/wp-json\/wp\/v2\/pages\/109\/revisions"}],"predecessor-version":[{"id":841,"href":"https:\/\/lendumhistorie.dk\/index.php\/wp-json\/wp\/v2\/pages\/109\/revisions\/841"}],"wp:attachment":[{"href":"https:\/\/lendumhistorie.dk\/index.php\/wp-json\/wp\/v2\/media?parent=109"}],"curies":[{"name":"wp","href":"https:\/\/api.w.org\/{rel}","templated":true}]}}