{"id":2,"date":"2022-01-08T16:03:44","date_gmt":"2022-01-08T16:03:44","guid":{"rendered":"http:\/\/lendumhistorie.dk\/?page_id=2"},"modified":"2022-06-10T12:00:05","modified_gmt":"2022-06-10T12:00:05","slug":"sample-page","status":"publish","type":"page","link":"https:\/\/lendumhistorie.dk\/index.php\/sample-page\/","title":{"rendered":"L\u00e6s mere"},"content":{"rendered":"\n<p>Lendum Sogns Lokalhistoriske Arkiv udgav i 1990 en bog om Lendums fortid og om nogle  af sognets markante personligheder. Inklusiv en indledende artikel om arkivets tilblivelse i 1981 indeholder bogen med navnet &#8220;Lendum Sogn&#8221; i alt 17 historier af lokale borgere. <\/p>\n\n\n\n<p>Bogen giver et godt overblik over Lendum egnens udvikling gennem de sidste hundrede \u00e5r, ja enkelte bidragydere tr\u00e6kker historietr\u00e5de l\u00e6ngere tilbage i tiden. Det g\u00f8r tidligere landpost Emil Larsen s\u00e6rdeles grundigt i artiklen &#8220;Vore r\u00f8dder&#8221;, hvor han har gravet i kilder fra dengang Lendum ikke var en landsby med g\u00e5rdene samlet i byen som andre landsbyer, men et sted i Lendum l\u00e5 fire g\u00e5rde dengang s\u00e5 t\u00e6t, at de uden besv\u00e6r kunne r\u00e5be hinanden op. <\/p>\n\n\n\n<p>Lendum som en samlet landsby er et barn af andelsbev\u00e6gelsen, hvor udviklingen tog fart efter at egnens g\u00e5rdejere besluttede at oprette et andelsmejeri. Mejeriet blev bygget i 1888. Det skrev Niels Erik Christensen om i artiklen &#8220;Mejeriets f\u00f8rste 100 \u00e5r&#8221;.  En tredje bidragyder til bogen Erik Holm Christensen, som blev f\u00f8dt i 1924, skrev om sin barndoms by og n\u00e6vner, at ikke ret mange huse dengang var mere end 30 \u00e5r gamle. Da mejeriet blev bygget var der kun enkelte huse i byen foruden skolen og fattigg\u00e5rden. Herunder huset Langager i S\u00f8ndergade, som blev revet ned for et par siden, og Pedersgave, som blev bygget i 1876. Pedersgave var oprindelig en k\u00f8bmandsg\u00e5rd, men blev siden i en l\u00e6ngere \u00e5rr\u00e6kke brugt som l\u00e6gebolig l\u00e6gebolig.<\/p>\n\n\n\n<p>Blandt de 17 artikler i bogen er ogs\u00e5 bidrag om Lendum under bes\u00e6ttelsen og om byens nyere historie, om idr\u00e6tsliv, missionsarbejde, kirke- og skoleforhold og om livet omkring byens forsamlingshus. <\/p>\n\n\n\n<p class=\"has-medium-font-size\">Andre b\u00f8ger<\/p>\n\n\n\n<figure class=\"wp-block-image size-large is-resized\"><img loading=\"lazy\" decoding=\"async\" src=\"https:\/\/lendumhistorie.dk\/wp-content\/uploads\/2022\/01\/Lendum-Mejeri1-1024x717.jpeg\" alt=\"\" class=\"wp-image-170\" width=\"541\" height=\"379\" srcset=\"https:\/\/lendumhistorie.dk\/wp-content\/uploads\/2022\/01\/Lendum-Mejeri1-1024x717.jpeg 1024w, https:\/\/lendumhistorie.dk\/wp-content\/uploads\/2022\/01\/Lendum-Mejeri1-300x210.jpeg 300w, https:\/\/lendumhistorie.dk\/wp-content\/uploads\/2022\/01\/Lendum-Mejeri1-768x538.jpeg 768w, https:\/\/lendumhistorie.dk\/wp-content\/uploads\/2022\/01\/Lendum-Mejeri1-1130x791.jpeg 1130w, https:\/\/lendumhistorie.dk\/wp-content\/uploads\/2022\/01\/Lendum-Mejeri1-760x532.jpeg 760w, https:\/\/lendumhistorie.dk\/wp-content\/uploads\/2022\/01\/Lendum-Mejeri1.jpeg 1362w\" sizes=\"auto, (max-width: 541px) 100vw, 541px\" \/><figcaption>Lendum Andelsmejeri blev opf\u00f8rt i 1888. Billedet er fra samme \u00e5r.<\/figcaption><\/figure>\n\n\n\n<p>Sindalegnens Lokalhistoriske Forening har siden 1984 st\u00e5et bag tre lokalhistoriske b\u00f8ger, hvortil naboforeninger i den tidligere Sindal Kommune har bidraget med en eller historier fra deres omr\u00e5de.<\/p>\n\n\n\n<p>I bogudgivelse nummer to er der to artikler fra Lendum. Ejnar Larsen og Erik Holm Christensen skrev om nedkastning af v\u00e5ben ved Lendum under bes\u00e6ttelsen og om Stockholmkolonnen. Emil Larsen skrev om Niels Dakota fra Lendum.<\/p>\n\n\n\n<figure class=\"wp-block-image size-large is-resized\"><img loading=\"lazy\" decoding=\"async\" src=\"https:\/\/lendumhistorie.dk\/wp-content\/uploads\/2022\/02\/Voreroedder-768x1024.jpg\" alt=\"\" class=\"wp-image-204\" width=\"466\" height=\"621\" srcset=\"https:\/\/lendumhistorie.dk\/wp-content\/uploads\/2022\/02\/Voreroedder-768x1024.jpg 768w, https:\/\/lendumhistorie.dk\/wp-content\/uploads\/2022\/02\/Voreroedder-225x300.jpg 225w, https:\/\/lendumhistorie.dk\/wp-content\/uploads\/2022\/02\/Voreroedder-1152x1536.jpg 1152w, https:\/\/lendumhistorie.dk\/wp-content\/uploads\/2022\/02\/Voreroedder-1536x2048.jpg 1536w, https:\/\/lendumhistorie.dk\/wp-content\/uploads\/2022\/02\/Voreroedder-1130x1507.jpg 1130w, https:\/\/lendumhistorie.dk\/wp-content\/uploads\/2022\/02\/Voreroedder-760x1013.jpg 760w, https:\/\/lendumhistorie.dk\/wp-content\/uploads\/2022\/02\/Voreroedder-scaled.jpg 1920w\" sizes=\"auto, (max-width: 466px) 100vw, 466px\" \/><\/figure>\n\n\n\n<p>Fra 1998 til 2020 var Sindalegnens lokalhistoriske foreninger samlet om at udgive bogserien &#8220;Vore r\u00f8dder&#8221;. I alt 10 b\u00f8ger. I den f\u00f8rste udgivelse i serien skrev Erik Holm Christensen om Lendum Sparekasse, som eksisterede i mere end 100 \u00e5r, men lukkede i 1998. Esben Christensen skrev om Bj\u00f8rnbak familien, mens Esther og Eyvind Troldborg Pedersen bidrog med et indl\u00e6g om en bygmester i Lendum.<\/p>\n\n\n\n<p>I &#8220;Vore r\u00f8dder 2&#8221; var Erik Holm Christensen igen aktiv og denne gang med en gennemgang af forretninger og h\u00e5ndv\u00e6rkere i Lendum i tiden fra 1880 til 1998. Og Emil Larsen havde to artikler med i bogen &#8211; en om Lendum Annexg\u00e5rd og en anden om Hans Nielsen Munk, som blev kaldt en tusindkunstner.<\/p>\n\n\n\n<figure class=\"wp-block-image size-large\"><img loading=\"lazy\" decoding=\"async\" width=\"1024\" height=\"637\" src=\"https:\/\/lendumhistorie.dk\/wp-content\/uploads\/2022\/01\/Skaerumvej1935-1024x637.jpg\" alt=\"\" class=\"wp-image-83\" srcset=\"https:\/\/lendumhistorie.dk\/wp-content\/uploads\/2022\/01\/Skaerumvej1935-1024x637.jpg 1024w, https:\/\/lendumhistorie.dk\/wp-content\/uploads\/2022\/01\/Skaerumvej1935-300x186.jpg 300w, https:\/\/lendumhistorie.dk\/wp-content\/uploads\/2022\/01\/Skaerumvej1935-768x477.jpg 768w, https:\/\/lendumhistorie.dk\/wp-content\/uploads\/2022\/01\/Skaerumvej1935.jpg 1324w\" sizes=\"auto, (max-width: 1024px) 100vw, 1024px\" \/><figcaption>Huse og forretninger ved Sk\u00e6rumvej i \u00e5rene omkring 1935. P\u00e5 h\u00f8jre side af vejen ses mejeriskorstenen.<\/figcaption><\/figure>\n\n\n\n<p>I den tredje bog i serien skrev den tidl. l\u00e6ge i Lendum B\u00f8rge Nielsen om sin tid i Vendsyssel\/Lendum i \u00e5rene 1937-46, mens Emma Marie Madsen, f\u00f8dt Nielsen, fortalte om sin far Jens Christian Nielsen, som udvandrede til Duluth i Minnesota, men vendte tilbage til Lendum efter nogle \u00e5r i USA. Emma Madsen skrev ogs\u00e5 en artikel om afholdslogen i Lendum i den n\u00e6ste &#8220;Vore r\u00f8dder&#8221; bog.<\/p>\n\n\n\n<p>Bog nummer seks i serien indeholder en beretning om en \u00e6ldre retssag imod tidligere kirkev\u00e6rger i Lendum, mens hedeopdyrkning p\u00e5 Lendum Hede var et af emnerne i den n\u00e6ste bog. Den var af Else Holmberg Nielsen. Desuden bidrog Erik Holm Christensen med artiklen &#8220;Fra hyrdedreng til murermester&#8221;.<\/p>\n\n\n\n<p>I den 8. udgave skrev Else Holmberg om natfolket i Lendum og herunder om Niels Vindepind, mens Thorkild Petersen berettede om at v\u00e6re i Lendum i perioden januar til maj 1945. Else Holmberg Nielsen var ogs\u00e5 aktiv bidragyder med en historie til hver af de to sidste &#8220;Vore r\u00f8dder&#8221; b\u00f8ger. F\u00f8rst om ham, der byggede kirkeg\u00e5rdsmuren i Lendum og senest om sogner\u00e5dsformand J\u00f8rgen Burholt. Endelig fortalte Albert Nielsen om sin opv\u00e6kst p\u00e5 Glimsholtegnen (9) og Emil Larsen om Lendum Bibliotek (10).<\/p>\n\n\n\n<p>Vi har overskydende eksemplarer af Vore R\u00f8dder 3-10 i arkivet, som kan k\u00f8bes for 200 kr. pr. stk.<\/p>\n","protected":false},"excerpt":{"rendered":"<p>Lendum Sogns Lokalhistoriske Arkiv udgav i 1990 en bog om Lendums fortid og om nogle af sognets markante personligheder. Inklusiv en indledende artikel om arkivets tilblivelse i 1981 indeholder bogen med navnet &#8220;Lendum Sogn&#8221; i alt 17 historier af lokale borgere. Bogen giver et godt overblik over Lendum egnens udvikling&#8230;<\/p>\n","protected":false},"author":1,"featured_media":0,"parent":0,"menu_order":0,"comment_status":"closed","ping_status":"open","template":"","meta":{"footnotes":""},"class_list":["post-2","page","type-page","status-publish","hentry"],"_links":{"self":[{"href":"https:\/\/lendumhistorie.dk\/index.php\/wp-json\/wp\/v2\/pages\/2","targetHints":{"allow":["GET"]}}],"collection":[{"href":"https:\/\/lendumhistorie.dk\/index.php\/wp-json\/wp\/v2\/pages"}],"about":[{"href":"https:\/\/lendumhistorie.dk\/index.php\/wp-json\/wp\/v2\/types\/page"}],"author":[{"embeddable":true,"href":"https:\/\/lendumhistorie.dk\/index.php\/wp-json\/wp\/v2\/users\/1"}],"replies":[{"embeddable":true,"href":"https:\/\/lendumhistorie.dk\/index.php\/wp-json\/wp\/v2\/comments?post=2"}],"version-history":[{"count":9,"href":"https:\/\/lendumhistorie.dk\/index.php\/wp-json\/wp\/v2\/pages\/2\/revisions"}],"predecessor-version":[{"id":461,"href":"https:\/\/lendumhistorie.dk\/index.php\/wp-json\/wp\/v2\/pages\/2\/revisions\/461"}],"wp:attachment":[{"href":"https:\/\/lendumhistorie.dk\/index.php\/wp-json\/wp\/v2\/media?parent=2"}],"curies":[{"name":"wp","href":"https:\/\/api.w.org\/{rel}","templated":true}]}}