{"id":247,"date":"2022-03-14T12:23:33","date_gmt":"2022-03-14T12:23:33","guid":{"rendered":"https:\/\/lendumhistorie.dk\/?page_id=247"},"modified":"2022-03-14T16:42:28","modified_gmt":"2022-03-14T16:42:28","slug":"folketal","status":"publish","type":"page","link":"https:\/\/lendumhistorie.dk\/index.php\/folketal\/","title":{"rendered":"Folketal"},"content":{"rendered":"\n<p class=\"has-x-large-font-size\">Lendum er i statistiske \u00f8jne en ung by <\/p>\n\n\n\n<p><em>Af Poul Christoffersen<\/em><\/p>\n\n\n\n<p><strong>Lendum var f\u00f8r Danmarks Statistiks (DS) folket\u00e6lling i 1960 ikke registreret som en by, fordi byen ikke opfyldte DS&#8217; definition af det krav, der skal til for at blive kaldt et byomr\u00e5de &#8211; at der er registreret mindst 200 indbyggere og at afstanden mellem nabobebyggelser er p\u00e5 h\u00f8jst 200 meter. Luftfoto viser dog, at statistikkens opt\u00e6lling f\u00f8r 1960 ikke var fulgt med den virkelige udvikling.<\/strong><\/p>\n\n\n\n<p>If\u00f8lge tabeller i statistikbankens afsnit over bym\u00e6ssige bebyggelser i by- og sognekommuner i Hj\u00f8rring Amt i 1955 boede der i Lendum Sogn ialt 1337 borgere i sognet fordelt p\u00e5 394 husstande. Men alts\u00e5 for spredt til at et omr\u00e5de kunne blive kaldt en by. Men i sidste halvdel af 1950&#8217;erne fik Lendum voksev\u00e6rk.<\/p>\n\n\n\n<p>Byens indbyggertal voksede med 16 procent mellem t\u00e6llingen i 1955 og 1960 &#8211; eller sagt p\u00e5 en anden m\u00e5de med 72 borgere. Der blev bygget huse mellem de bydele, som hidtil havde v\u00e6ret for langt fra hinanden og der blev flere huse langs veje ud af byen. Blandt andet ud af S\u00f8ndergade.<\/p>\n\n\n\n<figure class=\"wp-block-image size-large is-resized\"><img loading=\"lazy\" decoding=\"async\" src=\"https:\/\/lendumhistorie.dk\/wp-content\/uploads\/2022\/03\/Soendergade-1-1024x674.jpg\" alt=\"\" class=\"wp-image-263\" width=\"607\" height=\"399\" srcset=\"https:\/\/lendumhistorie.dk\/wp-content\/uploads\/2022\/03\/Soendergade-1-1024x674.jpg 1024w, https:\/\/lendumhistorie.dk\/wp-content\/uploads\/2022\/03\/Soendergade-1-300x197.jpg 300w, https:\/\/lendumhistorie.dk\/wp-content\/uploads\/2022\/03\/Soendergade-1-768x505.jpg 768w, https:\/\/lendumhistorie.dk\/wp-content\/uploads\/2022\/03\/Soendergade-1-1536x1011.jpg 1536w, https:\/\/lendumhistorie.dk\/wp-content\/uploads\/2022\/03\/Soendergade-1-2048x1348.jpg 2048w, https:\/\/lendumhistorie.dk\/wp-content\/uploads\/2022\/03\/Soendergade-1-1130x744.jpg 1130w, https:\/\/lendumhistorie.dk\/wp-content\/uploads\/2022\/03\/Soendergade-1-760x500.jpg 760w\" sizes=\"auto, (max-width: 607px) 100vw, 607px\" \/><figcaption><em>S\u00f8ndergade i 1957 med flere helt nye huse langs vejen og en byggegrund, hvor et nyt hus er p\u00e5 vej. Foto: Sylvest Jensen Luftfoto; Det Kgl. Bibl.<\/em><\/figcaption><\/figure>\n\n\n\n<p>I 1960 talte DS frem til at der boede 521 borgere i Lendum by og oplyste samtidig, at der i det samme omr\u00e5de boede 447 borgere i 1955. Det kan imidlertid tid undre at Danmarks Statistik ikke allerede ved de forrige folket\u00e6llinger havde fundet frem til at kalde Lendum en by. <\/p>\n\n\n\n<p>Foto af g\u00e5rden Vesterg\u00e5rd fra 1952 viser, at p\u00e5 det tidspunkt var bydelen omkring mejeriet, brugsen og kirken ved at vokse sammen med bebyggelsen omkring T\u00e5rsvej\/Lendumvej. Den tidligere g\u00e5rd, som l\u00e5 hvor beboelsen Vesterg\u00e5rden nu ligger, har en placering omtrent i centrum mellem de to del af Lendum.<\/p>\n\n\n\n<p>Luftfotoet viser, at der p\u00e5 det tidspunkt var bygget flere huse t\u00e6t p\u00e5 Vesterg\u00e5rd.<\/p>\n\n\n\n<figure class=\"wp-block-image size-large is-resized\"><img loading=\"lazy\" decoding=\"async\" src=\"https:\/\/lendumhistorie.dk\/wp-content\/uploads\/2022\/03\/Vesterga\u030ard52-1024x976.jpg\" alt=\"\" class=\"wp-image-260\" width=\"622\" height=\"592\" srcset=\"https:\/\/lendumhistorie.dk\/wp-content\/uploads\/2022\/03\/Vesterga\u030ard52-1024x976.jpg 1024w, https:\/\/lendumhistorie.dk\/wp-content\/uploads\/2022\/03\/Vesterga\u030ard52-300x286.jpg 300w, https:\/\/lendumhistorie.dk\/wp-content\/uploads\/2022\/03\/Vesterga\u030ard52-768x732.jpg 768w, https:\/\/lendumhistorie.dk\/wp-content\/uploads\/2022\/03\/Vesterga\u030ard52-1536x1464.jpg 1536w, https:\/\/lendumhistorie.dk\/wp-content\/uploads\/2022\/03\/Vesterga\u030ard52-2048x1952.jpg 2048w, https:\/\/lendumhistorie.dk\/wp-content\/uploads\/2022\/03\/Vesterga\u030ard52-1130x1077.jpg 1130w, https:\/\/lendumhistorie.dk\/wp-content\/uploads\/2022\/03\/Vesterga\u030ard52-760x724.jpg 760w\" sizes=\"auto, (max-width: 622px) 100vw, 622px\" \/><figcaption><em>Vesterg\u00e5rd anno 1952<\/em>. <em>Foto: Sylvest Jensen Luftfoto; Det Kgl. Bibl.<\/em><\/figcaption><\/figure>\n\n\n\n<p>Fra hvorn\u00e5r Lendum s\u00e5 kan kaldes en by efter Danmarks Statistiks definition er sv\u00e6rt at afg\u00f8re. En manuel gennemgang af folket\u00e6llingen fra 1921 med opt\u00e6lling af personer med matrikelnumre omkring seks g\u00e5rde, som ligger\/l\u00e5 i byen tyder p\u00e5 at den allerede p\u00e5 det tidspunkt var godt p\u00e5 vej. Undertegnede n\u00e5ede frem til 272 borgere, men de kunne nok ikke t\u00e6lles som et samlet byomr\u00e5de.<\/p>\n\n\n\n<figure class=\"wp-block-image size-large is-resized\"><img loading=\"lazy\" decoding=\"async\" src=\"https:\/\/lendumhistorie.dk\/wp-content\/uploads\/2022\/03\/mejeriet59-a-1024x1009.jpg\" alt=\"\" class=\"wp-image-264\" width=\"618\" height=\"608\" srcset=\"https:\/\/lendumhistorie.dk\/wp-content\/uploads\/2022\/03\/mejeriet59-a-1024x1009.jpg 1024w, https:\/\/lendumhistorie.dk\/wp-content\/uploads\/2022\/03\/mejeriet59-a-300x296.jpg 300w, https:\/\/lendumhistorie.dk\/wp-content\/uploads\/2022\/03\/mejeriet59-a-768x757.jpg 768w, https:\/\/lendumhistorie.dk\/wp-content\/uploads\/2022\/03\/mejeriet59-a-1536x1514.jpg 1536w, https:\/\/lendumhistorie.dk\/wp-content\/uploads\/2022\/03\/mejeriet59-a-2048x2018.jpg 2048w, https:\/\/lendumhistorie.dk\/wp-content\/uploads\/2022\/03\/mejeriet59-a-1130x1114.jpg 1130w, https:\/\/lendumhistorie.dk\/wp-content\/uploads\/2022\/03\/mejeriet59-a-760x749.jpg 760w\" sizes=\"auto, (max-width: 618px) 100vw, 618px\" \/><figcaption><em>Byggeriet af andelsmejeriet i 1888 drev i mange \u00e5r udviklingen af Lendum som by. Foto: Sylvest Jensen Luftfoto 1959; Det Klg. Bibl. <\/em><\/figcaption><\/figure>\n\n\n\n<p>Lendum by har siden 1960&#8217;erne indbyggerm\u00e6ssigt holdt sig p\u00e5 den gode side af 500 og toppede i 2003 med 617 indbyggere, men byen har siden v\u00e6ret i stagnation, og der bor nu i underkanten af 500.<\/p>\n\n\n\n<p><\/p>\n\n\n\n<p><strong>Note:<\/strong> Artiklen bygger p\u00e5 tal fra Statistiske Meddelelser fra Danmarks Statistik om Folkem\u00e6ngden i 1930, 1940, 1945, 1950, 1955 og 1960 samt fra folket\u00e6llinger for Lendum Sogn i 1921.<\/p>\n","protected":false},"excerpt":{"rendered":"<p>Lendum er i statistiske \u00f8jne en ung by Af Poul Christoffersen Lendum var f\u00f8r Danmarks Statistiks (DS) folket\u00e6lling i 1960 ikke registreret som en by, fordi byen ikke opfyldte DS&#8217; definition af det krav, der skal til for at blive kaldt et byomr\u00e5de &#8211; at der er registreret mindst 200&#8230;<\/p>\n","protected":false},"author":1,"featured_media":0,"parent":0,"menu_order":0,"comment_status":"closed","ping_status":"closed","template":"","meta":{"footnotes":""},"class_list":["post-247","page","type-page","status-publish","hentry"],"_links":{"self":[{"href":"https:\/\/lendumhistorie.dk\/index.php\/wp-json\/wp\/v2\/pages\/247","targetHints":{"allow":["GET"]}}],"collection":[{"href":"https:\/\/lendumhistorie.dk\/index.php\/wp-json\/wp\/v2\/pages"}],"about":[{"href":"https:\/\/lendumhistorie.dk\/index.php\/wp-json\/wp\/v2\/types\/page"}],"author":[{"embeddable":true,"href":"https:\/\/lendumhistorie.dk\/index.php\/wp-json\/wp\/v2\/users\/1"}],"replies":[{"embeddable":true,"href":"https:\/\/lendumhistorie.dk\/index.php\/wp-json\/wp\/v2\/comments?post=247"}],"version-history":[{"count":9,"href":"https:\/\/lendumhistorie.dk\/index.php\/wp-json\/wp\/v2\/pages\/247\/revisions"}],"predecessor-version":[{"id":268,"href":"https:\/\/lendumhistorie.dk\/index.php\/wp-json\/wp\/v2\/pages\/247\/revisions\/268"}],"wp:attachment":[{"href":"https:\/\/lendumhistorie.dk\/index.php\/wp-json\/wp\/v2\/media?parent=247"}],"curies":[{"name":"wp","href":"https:\/\/api.w.org\/{rel}","templated":true}]}}