{"id":454,"date":"2022-06-10T10:50:12","date_gmt":"2022-06-10T10:50:12","guid":{"rendered":"https:\/\/lendumhistorie.dk\/?page_id=454"},"modified":"2022-06-10T11:01:21","modified_gmt":"2022-06-10T11:01:21","slug":"hjemmeside","status":"publish","type":"page","link":"https:\/\/lendumhistorie.dk\/index.php\/hjemmeside\/","title":{"rendered":"Hjemmeside"},"content":{"rendered":"\n<p>Med denne hjemmeside er Lokalhistorisk Arkiv i Lendum startet p\u00e5 en digital tidsrejse, hvor bestyrelsen vil l\u00e6gge lag p\u00e5 lag af gode og interessante historier fra sognets fortid p\u00e5 siden. Dem er der masser af\u2026 I mange tilf\u00e6lde er det blot et sp\u00f8rgsm\u00e5l om at f\u00e5 gravet dem frem fra gemmernes glemsel. Nogle er allerede fortalt i bogserien Vore R\u00f8dder samt i bogen Lendum Sogn fra 1990.<\/p>\n\n\n\n<figure class=\"wp-block-image size-large is-resized\"><img loading=\"lazy\" decoding=\"async\" src=\"https:\/\/lendumhistorie.dk\/wp-content\/uploads\/2022\/01\/Lendum1953-1024x1024.jpg\" alt=\"\" class=\"wp-image-84\" width=\"432\" height=\"432\" srcset=\"https:\/\/lendumhistorie.dk\/wp-content\/uploads\/2022\/01\/Lendum1953-1024x1024.jpg 1024w, https:\/\/lendumhistorie.dk\/wp-content\/uploads\/2022\/01\/Lendum1953-300x300.jpg 300w, https:\/\/lendumhistorie.dk\/wp-content\/uploads\/2022\/01\/Lendum1953-150x150.jpg 150w, https:\/\/lendumhistorie.dk\/wp-content\/uploads\/2022\/01\/Lendum1953-768x768.jpg 768w, https:\/\/lendumhistorie.dk\/wp-content\/uploads\/2022\/01\/Lendum1953-1536x1536.jpg 1536w, https:\/\/lendumhistorie.dk\/wp-content\/uploads\/2022\/01\/Lendum1953-2048x2048.jpg 2048w, https:\/\/lendumhistorie.dk\/wp-content\/uploads\/2022\/01\/Lendum1953-1568x1568.jpg 1568w\" sizes=\"auto, (max-width: 432px) 100vw, 432px\" \/><figcaption><em>Lendum by set fra luften i 1950&#8217;erne<\/em><\/figcaption><\/figure>\n\n\n\n<p><br>Rigsarkivar Johan Hvidtfelt har en gang sagt: &#8211; Vil mennesket forst\u00e5 sig selv og pr\u00f8ve at f\u00e5 rede p\u00e5 foruds\u00e6tning for de mange forskellige, ofte forskellige evner og tilb\u00f8jeligheder, som findes hos den enkelte, m\u00e5 man s\u00f8ge tilbage i sl\u00e6gtens fortid for at finde forklaringen. Det sl\u00e6gtshistoriske arbejde er derfor ikke blot for god tid. Det er i virkeligheden et udslag af mennesketrang til at pr\u00f8ve at finde ud af, hvad der er g\u00e5et forud for ens egen tid.<\/p>\n\n\n\n<figure class=\"wp-block-image size-full is-resized\"><img loading=\"lazy\" decoding=\"async\" src=\"https:\/\/lendumhistorie.dk\/wp-content\/uploads\/2022\/01\/cropped-Logo-arkiv-scaled-1.jpg\" alt=\"\" class=\"wp-image-58\" width=\"384\" height=\"384\" srcset=\"https:\/\/lendumhistorie.dk\/wp-content\/uploads\/2022\/01\/cropped-Logo-arkiv-scaled-1.jpg 512w, https:\/\/lendumhistorie.dk\/wp-content\/uploads\/2022\/01\/cropped-Logo-arkiv-scaled-1-300x300.jpg 300w, https:\/\/lendumhistorie.dk\/wp-content\/uploads\/2022\/01\/cropped-Logo-arkiv-scaled-1-150x150.jpg 150w, https:\/\/lendumhistorie.dk\/wp-content\/uploads\/2022\/01\/cropped-Logo-arkiv-scaled-1-270x270.jpg 270w, https:\/\/lendumhistorie.dk\/wp-content\/uploads\/2022\/01\/cropped-Logo-arkiv-scaled-1-192x192.jpg 192w, https:\/\/lendumhistorie.dk\/wp-content\/uploads\/2022\/01\/cropped-Logo-arkiv-scaled-1-180x180.jpg 180w, https:\/\/lendumhistorie.dk\/wp-content\/uploads\/2022\/01\/cropped-Logo-arkiv-scaled-1-32x32.jpg 32w\" sizes=\"auto, (max-width: 384px) 100vw, 384px\" \/><figcaption><em>Hjemmesidens signatur<\/em><\/figcaption><\/figure>\n\n\n\n<p><br>Lokalhistorisk Arkiv i Lendum rundede i januar 2021 sit 40 \u00e5rs jubil\u00e6um. Gennem disse \u00e5r har folk til tilknytning til egnen s\u00f8gt hj\u00e6lp i arkivet med at forske i deres sl\u00e6gtsr\u00f8dder. Andre har bidraget med ting og sager, som siden er opbevaret i arkivet. Den nye hjemmeside kan blive et godt redskab til at styrke viden om Lendum Sogns fortid.<\/p>\n","protected":false},"excerpt":{"rendered":"<p>Med denne hjemmeside er Lokalhistorisk Arkiv i Lendum startet p\u00e5 en digital tidsrejse, hvor bestyrelsen vil l\u00e6gge lag p\u00e5 lag af gode og interessante historier fra sognets fortid p\u00e5 siden. Dem er der masser af\u2026 I mange tilf\u00e6lde er det blot et sp\u00f8rgsm\u00e5l om at f\u00e5 gravet dem frem fra&#8230;<\/p>\n","protected":false},"author":1,"featured_media":0,"parent":0,"menu_order":0,"comment_status":"closed","ping_status":"closed","template":"","meta":{"footnotes":""},"class_list":["post-454","page","type-page","status-publish","hentry"],"_links":{"self":[{"href":"https:\/\/lendumhistorie.dk\/index.php\/wp-json\/wp\/v2\/pages\/454","targetHints":{"allow":["GET"]}}],"collection":[{"href":"https:\/\/lendumhistorie.dk\/index.php\/wp-json\/wp\/v2\/pages"}],"about":[{"href":"https:\/\/lendumhistorie.dk\/index.php\/wp-json\/wp\/v2\/types\/page"}],"author":[{"embeddable":true,"href":"https:\/\/lendumhistorie.dk\/index.php\/wp-json\/wp\/v2\/users\/1"}],"replies":[{"embeddable":true,"href":"https:\/\/lendumhistorie.dk\/index.php\/wp-json\/wp\/v2\/comments?post=454"}],"version-history":[{"count":2,"href":"https:\/\/lendumhistorie.dk\/index.php\/wp-json\/wp\/v2\/pages\/454\/revisions"}],"predecessor-version":[{"id":459,"href":"https:\/\/lendumhistorie.dk\/index.php\/wp-json\/wp\/v2\/pages\/454\/revisions\/459"}],"wp:attachment":[{"href":"https:\/\/lendumhistorie.dk\/index.php\/wp-json\/wp\/v2\/media?parent=454"}],"curies":[{"name":"wp","href":"https:\/\/api.w.org\/{rel}","templated":true}]}}