{"id":551,"date":"2022-09-17T14:54:33","date_gmt":"2022-09-17T14:54:33","guid":{"rendered":"https:\/\/lendumhistorie.dk\/?page_id=551"},"modified":"2022-09-17T15:01:16","modified_gmt":"2022-09-17T15:01:16","slug":"vippetur","status":"publish","type":"page","link":"https:\/\/lendumhistorie.dk\/index.php\/vippetur\/","title":{"rendered":"Vippetur"},"content":{"rendered":"\n<h1 class=\"wp-block-heading\">Op at k\u00f8re med fr\u00e6k kn\u00e6gt fra Lendum <\/h1>\n\n\n\n<p><strong>Tidl. Trafikminister Thomas Larsen var som 12-\u00e5rig fragtkusk for sin far, og s\u00f8nnen fort\u00e6ller i sine erindringer om en episode med en af egnens h\u00f8je herrer som passager p\u00e5 agerbr\u00e6ttet.<\/strong><\/p>\n\n\n\n<p><em>Af Poul Christoffersen<\/em><\/p>\n\n\n\n<figure class=\"wp-block-image size-large\"><img loading=\"lazy\" decoding=\"async\" width=\"1024\" height=\"435\" src=\"https:\/\/lendumhistorie.dk\/wp-content\/uploads\/2022\/09\/Thomashus1-scaled-e1663425147906-1024x435.jpg\" alt=\"\" class=\"wp-image-552\" srcset=\"https:\/\/lendumhistorie.dk\/wp-content\/uploads\/2022\/09\/Thomashus1-scaled-e1663425147906-1024x435.jpg 1024w, https:\/\/lendumhistorie.dk\/wp-content\/uploads\/2022\/09\/Thomashus1-scaled-e1663425147906-300x128.jpg 300w, https:\/\/lendumhistorie.dk\/wp-content\/uploads\/2022\/09\/Thomashus1-scaled-e1663425147906-768x326.jpg 768w, https:\/\/lendumhistorie.dk\/wp-content\/uploads\/2022\/09\/Thomashus1-scaled-e1663425147906-1536x653.jpg 1536w, https:\/\/lendumhistorie.dk\/wp-content\/uploads\/2022\/09\/Thomashus1-scaled-e1663425147906-2048x870.jpg 2048w, https:\/\/lendumhistorie.dk\/wp-content\/uploads\/2022\/09\/Thomashus1-scaled-e1663425147906-1130x480.jpg 1130w, https:\/\/lendumhistorie.dk\/wp-content\/uploads\/2022\/09\/Thomashus1-scaled-e1663425147906-760x323.jpg 760w\" sizes=\"auto, (max-width: 1024px) 100vw, 1024px\" \/><figcaption><em>Thomas Larsens barndomshjem lige uden for Lendum ved vejen mod T\u00e5rs. Hans far havde smedev\u00e6rksted i hytten til venstre.  Foto fra Vendsyssel \u00c5rbog 1975.<\/em><\/figcaption><\/figure>\n\n\n\n<p>Tidl. trafikminister Thomas Larsen d\u00f8de som 90-\u00e5rig i 1944, og han efterlod ved sin d\u00f8d et manuskrift til en erindringsbog, hvor han blandt skrev om om barndomshjemmet, som l\u00e5 ved vejen mod T\u00e5rs lige udenfor Lendum.&nbsp;<\/p>\n\n\n\n<p>Her havde hans far travlt med smedearbejde for landsbyens og egnens b\u00f8nder og allerede som 12-\u00e5rig blev Thomas af sin far regelm\u00e6ssigt sendt til Frederikshavn som fragtkusk for at hente kul og jern hos k\u00f8bmand Michael Lund.&nbsp;<\/p>\n\n\n\n<p>\u201cFor en tur fik jeg 10 \u00f8re, hvilket lige kunne svare til en kop kaffe og en stor j\u00f8dekage. Jeg er bange for, at jeg havde en ubeskeden f\u00f8lelse af at v\u00e6re en mand, der ikke blot kunne k\u00f8re et l\u00e6s, men ogs\u00e5 give ordre p\u00e5 en bev\u00e6rtning, skrev Thomas Larsen (1).<\/p>\n\n\n\n<p>Dengang i 1866 var vejene jordveje, som ofte manglede vedligeholdelse, og p\u00e5 en af turene p\u00e5 vej til Frederikshavn blev drengen r\u00e5bt op af to fornemme m\u00e6nd nogle km udenfor byen.<\/p>\n\n\n\n<p>\u201cM\u00e5 vi k\u00f8re med?\u201d<\/p>\n\n\n\n<p>Det t\u00e6nkte Thomas lidt over, for selv om hans far havde sagt, at Thomas gerne lejlighedsvis m\u00e5tte tage et andet menneske med ind til byen, s\u00e5 havde faderen formanende sagt: \u201cMen kun een!\u201d<\/p>\n\n\n\n<p>Thomas kiggede skiftevis p\u00e5 de to m\u00e6nd, hvoraf den ene var noget tykkere end den anden og svarede:<\/p>\n\n\n\n<p>\u201cJeg m\u00e5 kun tage en med.\u201d<\/p>\n\n\n\n<p>De lod til at more de to m\u00e6nd, som var propriet\u00e6r Severin Jensen fra Skjortholt, \u00c5sted og folketingsmedlem Lars Chr. Pedersen fra samme sted. M\u00e6ndene blev enige om, at den tykkeste Severin Jensen skulle k\u00f8re. Efter nogen besv\u00e6r kom han op i den stive vogn, hvor der kun var et smalt agebr\u00e6t foran at sidde p\u00e5.<\/p>\n\n\n\n<p>\u201cManden sad med albuerne p\u00e5 kn\u00e6ene og gav sig til at sm\u00e5nynne. Da jeg gav hesten et lille svirp af pisken for at f\u00e5 den til at g\u00e5, lagde jeg m\u00e6rke til, at manden f\u00f8dder lettede lidt fra vognbunden. S\u00e5 gik der en sk\u00e6lm i mig. Jeg gav hesten endnu en p\u00e5mindelse, og det gik efter beregning,\u201d berettede Thomas.<\/p>\n\n\n\n<p>For propriet\u00e6r Severin Jensen vippede bagover og landede bl\u00f8dt ovenp\u00e5 de s\u00e6kke, som skulle fyldes op i Frederikshavn. Og s\u00e5 l\u00f8d det formentlig: \u201cJeg vil af vognen. Nu!\u201d For han kom rimelig hurtigt ned p\u00e5 jorden.<\/p>\n\n\n\n<p>Folketingsmedlemmet gik bag vognen og morede sig, og det gjorde han ogs\u00e5, da han kom ind i k\u00f8bmandsg\u00e5rden og fortalte om episoden:<\/p>\n\n\n\n<p>\u201cSeverin kom alts\u00e5 p\u00e5 vognen, men s\u00e5 gav den helvedes kn\u00e6gt hesten et sm\u00e6k, og Severin gik bagover med alle fire lige i vejret. Haha!.<\/p>\n\n\n\n<p>Thomas h\u00f8rte ikke mere af samtalen, for han skyndte sig ud af butikken med d\u00e5rlig samvittighed. Senere drillede k\u00f8bmanden ham med historien. <\/p>\n\n\n\n<p>Thomas\u2019 far var derimodi kke tilfreds med s\u00f8nnens opf\u00f8rsel, da han h\u00f8rte om historien, for begge de fornemme m\u00e6nd fra Skjortholt var nogle af hans gode kunder.\u00a0Det fik dog ikke konsekvenser.<\/p>\n\n\n\n<figure class=\"wp-block-image size-large\"><img loading=\"lazy\" decoding=\"async\" width=\"1024\" height=\"480\" src=\"https:\/\/lendumhistorie.dk\/wp-content\/uploads\/2022\/09\/Thomashus2-1-scaled-e1663426223574-1024x480.jpg\" alt=\"\" class=\"wp-image-555\" srcset=\"https:\/\/lendumhistorie.dk\/wp-content\/uploads\/2022\/09\/Thomashus2-1-scaled-e1663426223574-1024x480.jpg 1024w, https:\/\/lendumhistorie.dk\/wp-content\/uploads\/2022\/09\/Thomashus2-1-scaled-e1663426223574-300x141.jpg 300w, https:\/\/lendumhistorie.dk\/wp-content\/uploads\/2022\/09\/Thomashus2-1-scaled-e1663426223574-768x360.jpg 768w, https:\/\/lendumhistorie.dk\/wp-content\/uploads\/2022\/09\/Thomashus2-1-scaled-e1663426223574-1536x721.jpg 1536w, https:\/\/lendumhistorie.dk\/wp-content\/uploads\/2022\/09\/Thomashus2-1-scaled-e1663426223574-2048x961.jpg 2048w, https:\/\/lendumhistorie.dk\/wp-content\/uploads\/2022\/09\/Thomashus2-1-scaled-e1663426223574-1130x530.jpg 1130w, https:\/\/lendumhistorie.dk\/wp-content\/uploads\/2022\/09\/Thomashus2-1-scaled-e1663426223574-760x357.jpg 760w\" sizes=\"auto, (max-width: 1024px) 100vw, 1024px\" \/><\/figure>\n\n\n\n<p>Note: (1) Fra Vendsyssel \u00c5rbog \u00e5rgang 1975, s. 115-16. I \u00e5rbogen blev f\u00f8rste del af Thomas Larsen erindringer udgivet i en redigeret form, hvor lektor Svend Skole, som havde gennemg\u00e5et manuskriftet, havde koncenteret sig om det n\u00e6re (s. 97-124. Der fulgte endnu et afsnit fra manuskriftet i Vendsyssel \u00c5rbog 1976 og de to uddrag blev senere udgivet som et s\u00e6rtryk.&nbsp;<\/p>\n","protected":false},"excerpt":{"rendered":"<p>Op at k\u00f8re med fr\u00e6k kn\u00e6gt fra Lendum Tidl. Trafikminister Thomas Larsen var som 12-\u00e5rig fragtkusk for sin far, og s\u00f8nnen fort\u00e6ller i sine erindringer om en episode med en af egnens h\u00f8je herrer som passager p\u00e5 agerbr\u00e6ttet. Af Poul Christoffersen Tidl. trafikminister Thomas Larsen d\u00f8de som 90-\u00e5rig i 1944,&#8230;<\/p>\n","protected":false},"author":1,"featured_media":0,"parent":0,"menu_order":0,"comment_status":"closed","ping_status":"closed","template":"","meta":{"footnotes":""},"class_list":["post-551","page","type-page","status-publish","hentry"],"_links":{"self":[{"href":"https:\/\/lendumhistorie.dk\/index.php\/wp-json\/wp\/v2\/pages\/551","targetHints":{"allow":["GET"]}}],"collection":[{"href":"https:\/\/lendumhistorie.dk\/index.php\/wp-json\/wp\/v2\/pages"}],"about":[{"href":"https:\/\/lendumhistorie.dk\/index.php\/wp-json\/wp\/v2\/types\/page"}],"author":[{"embeddable":true,"href":"https:\/\/lendumhistorie.dk\/index.php\/wp-json\/wp\/v2\/users\/1"}],"replies":[{"embeddable":true,"href":"https:\/\/lendumhistorie.dk\/index.php\/wp-json\/wp\/v2\/comments?post=551"}],"version-history":[{"count":3,"href":"https:\/\/lendumhistorie.dk\/index.php\/wp-json\/wp\/v2\/pages\/551\/revisions"}],"predecessor-version":[{"id":559,"href":"https:\/\/lendumhistorie.dk\/index.php\/wp-json\/wp\/v2\/pages\/551\/revisions\/559"}],"wp:attachment":[{"href":"https:\/\/lendumhistorie.dk\/index.php\/wp-json\/wp\/v2\/media?parent=551"}],"curies":[{"name":"wp","href":"https:\/\/api.w.org\/{rel}","templated":true}]}}