{"id":591,"date":"2022-09-28T14:20:13","date_gmt":"2022-09-28T14:20:13","guid":{"rendered":"https:\/\/lendumhistorie.dk\/?page_id=591"},"modified":"2022-09-28T14:23:39","modified_gmt":"2022-09-28T14:23:39","slug":"udflugt","status":"publish","type":"page","link":"https:\/\/lendumhistorie.dk\/index.php\/udflugt\/","title":{"rendered":"Udflugt 2022"},"content":{"rendered":"\n<p><strong>N\u00e5r indsj\u00e6le rykker:<\/strong><\/p>\n\n\n\n<h2 class=\"has-x-large-font-size wp-block-heading\">Saltum opbygger lokalhistorisk perle:  Egnssamlingen<\/h2>\n\n\n\n<p><em>Tekst og foto: Poul Christoffersen<\/em><\/p>\n\n\n\n<p>&#8220;Der er meget mere at se p\u00e5 end jeg regnede med!&#8221;<\/p>\n\n\n\n<p>&#8220;Jeg er overrasket over, at der er samlet s\u00e5 meget.&#8221;<\/p>\n\n\n\n<p>&#8220;Der var en rigtig god ide at lade udflugten g\u00e5 til Engssamlingen.&#8221;<\/p>\n\n\n\n<p>S\u00e5dan l\u00f8d nogle af de positive kommentarer undervejs, da en flok lokalhistorisk interesserede deltog i Lendum Sogns Lokalhistoriske Arkiv sommerudflugt, hvor f\u00f8rste m\u00e5l var den store lokalhistoriske samling i Saltum. Her guidede Ruth Knudsen fra engssamlingens st\u00f8tteforening deltagerne gennem husene og historierne bag dem.<\/p>\n\n\n\n<figure class=\"wp-block-image size-large\"><img loading=\"lazy\" decoding=\"async\" width=\"768\" height=\"1024\" src=\"https:\/\/lendumhistorie.dk\/wp-content\/uploads\/2022\/08\/Ruth-768x1024.jpg\" alt=\"\" class=\"wp-image-512\" srcset=\"https:\/\/lendumhistorie.dk\/wp-content\/uploads\/2022\/08\/Ruth-768x1024.jpg 768w, https:\/\/lendumhistorie.dk\/wp-content\/uploads\/2022\/08\/Ruth-225x300.jpg 225w, https:\/\/lendumhistorie.dk\/wp-content\/uploads\/2022\/08\/Ruth-1152x1536.jpg 1152w, https:\/\/lendumhistorie.dk\/wp-content\/uploads\/2022\/08\/Ruth-1536x2048.jpg 1536w, https:\/\/lendumhistorie.dk\/wp-content\/uploads\/2022\/08\/Ruth-1130x1507.jpg 1130w, https:\/\/lendumhistorie.dk\/wp-content\/uploads\/2022\/08\/Ruth-760x1013.jpg 760w, https:\/\/lendumhistorie.dk\/wp-content\/uploads\/2022\/08\/Ruth-scaled.jpg 1920w\" sizes=\"auto, (max-width: 768px) 100vw, 768px\" \/><figcaption><em>Ruth Knudsen fra Engssamlingens st\u00f8tteforening guidede de bes\u00f8gende fra Lendum og omegn gennem samlingens mange afdelinger i centrum af Saltum.<\/em><\/figcaption><\/figure>\n\n\n\n<p>Egnssamlingen har i dag til huse  i en halv snes bygninger i byens centrum omkring Faarupvej, hvor der flere steder er arbejdende v\u00e6rksteder og i andre bygninger er lavet blivende udstillinger.<\/p>\n\n\n\n<p>&#8220;Vi er nu 36 til 40 frivillige omkring Egnssamlingen med forskellige aktiviteter, og mange samles omkring kaffebordet hver tirsdag formiddag. Der kan v\u00e6re 20 mennesker ved bordet, og der er ofte fyldt op, fort\u00e6ller Ruth Knudsen om den store opbakning.  <\/p>\n\n\n\n<p>Startskuddene til den enorme samling af lokalhistorisk art fra Saltum egnen l\u00f8d i 1972, da den lokale skolel\u00e6rer J\u00f8rgen J\u00f8rgensen begyndte at fotografere husene i byen og folk begyndte at komme med gamle billeder, foreningsprotokoller og andre ting til ham. Den voksende samling blev f\u00f8rst opbevaret i et loftslokale p\u00e5 byens dav\u00e6rende sygehus og dern\u00e6st en tid i den lokale skoles k\u00e6lder.<\/p>\n\n\n\n<figure class=\"wp-block-image size-large\"><img loading=\"lazy\" decoding=\"async\" width=\"1024\" height=\"768\" src=\"https:\/\/lendumhistorie.dk\/wp-content\/uploads\/2022\/08\/Start-1024x768.jpg\" alt=\"\" class=\"wp-image-514\" srcset=\"https:\/\/lendumhistorie.dk\/wp-content\/uploads\/2022\/08\/Start-1024x768.jpg 1024w, https:\/\/lendumhistorie.dk\/wp-content\/uploads\/2022\/08\/Start-300x225.jpg 300w, https:\/\/lendumhistorie.dk\/wp-content\/uploads\/2022\/08\/Start-768x576.jpg 768w, https:\/\/lendumhistorie.dk\/wp-content\/uploads\/2022\/08\/Start-1536x1152.jpg 1536w, https:\/\/lendumhistorie.dk\/wp-content\/uploads\/2022\/08\/Start-2048x1536.jpg 2048w, https:\/\/lendumhistorie.dk\/wp-content\/uploads\/2022\/08\/Start-1130x848.jpg 1130w, https:\/\/lendumhistorie.dk\/wp-content\/uploads\/2022\/08\/Start-760x570.jpg 760w\" sizes=\"auto, (max-width: 1024px) 100vw, 1024px\" \/><figcaption><em>Mange bes\u00f8gende kommer i Egnssamlingen p\u00e5 egen h\u00e5nd for at g\u00e5 p\u00e5 opdagelse i samlingerne fra fortiden, og samlingen har ogs\u00e5 i en del \u00e5r v\u00e6ret et udflugtsm\u00e5l.<\/em><\/figcaption><\/figure>\n\n\n\n<p>&#8220;Hvordan har I kunnet opbygge en s\u00e5 stor samling?<\/p>\n\n\n\n<p>&#8220;Folk har v\u00e6ret flinke til at bakke op og mange har givet arve til Egnssamlingen, forklarede Ruth Knudsen.<\/p>\n\n\n\n<p>Det og midler fra andre kilder har gjordt det muligt for Engssamlingen at f\u00e5 husly i egne lokaliteter. Som et godt eksempel p\u00e5 opbakningen fra lokalsamfundet fortalte hun, hvad der skete, da byens smedje lukkede.<\/p>\n\n\n\n<p>&#8220;Der var nogle, som syntes det var en god ide at bevare smedjen. H\u00e5ndv\u00e6rkerne og handlende gik sammen om at k\u00f8be smedjen. Tre-fire tidligere smede samles der og laver ting p\u00e5 bestilling til folk i byen.&#8221;<\/p>\n\n\n\n<p>Det kan v\u00e6re stativer til folks haver. Indt\u00e6gterne g\u00e5r ind i puljen til at holde faciliteterne vedlige.  <\/p>\n\n\n\n<figure class=\"wp-block-image size-large\"><img loading=\"lazy\" decoding=\"async\" width=\"1024\" height=\"768\" src=\"https:\/\/lendumhistorie.dk\/wp-content\/uploads\/2022\/08\/ambolt-1024x768.jpg\" alt=\"\" class=\"wp-image-519\" srcset=\"https:\/\/lendumhistorie.dk\/wp-content\/uploads\/2022\/08\/ambolt-1024x768.jpg 1024w, https:\/\/lendumhistorie.dk\/wp-content\/uploads\/2022\/08\/ambolt-300x225.jpg 300w, https:\/\/lendumhistorie.dk\/wp-content\/uploads\/2022\/08\/ambolt-768x576.jpg 768w, https:\/\/lendumhistorie.dk\/wp-content\/uploads\/2022\/08\/ambolt-1536x1152.jpg 1536w, https:\/\/lendumhistorie.dk\/wp-content\/uploads\/2022\/08\/ambolt-2048x1536.jpg 2048w, https:\/\/lendumhistorie.dk\/wp-content\/uploads\/2022\/08\/ambolt-1130x848.jpg 1130w, https:\/\/lendumhistorie.dk\/wp-content\/uploads\/2022\/08\/ambolt-760x570.jpg 760w\" sizes=\"auto, (max-width: 1024px) 100vw, 1024px\" \/><figcaption><em>Tre-fire smede bemander et arbejdende v\u00e6rksted i byens tidligere smedje.<\/em><\/figcaption><\/figure>\n\n\n\n<figure class=\"wp-block-image size-large\"><img loading=\"lazy\" decoding=\"async\" width=\"1024\" height=\"768\" src=\"https:\/\/lendumhistorie.dk\/wp-content\/uploads\/2022\/08\/Smedje2-1-1024x768.jpg\" alt=\"\" class=\"wp-image-530\" srcset=\"https:\/\/lendumhistorie.dk\/wp-content\/uploads\/2022\/08\/Smedje2-1-1024x768.jpg 1024w, https:\/\/lendumhistorie.dk\/wp-content\/uploads\/2022\/08\/Smedje2-1-300x225.jpg 300w, https:\/\/lendumhistorie.dk\/wp-content\/uploads\/2022\/08\/Smedje2-1-768x576.jpg 768w, https:\/\/lendumhistorie.dk\/wp-content\/uploads\/2022\/08\/Smedje2-1-1536x1152.jpg 1536w, https:\/\/lendumhistorie.dk\/wp-content\/uploads\/2022\/08\/Smedje2-1-2048x1536.jpg 2048w, https:\/\/lendumhistorie.dk\/wp-content\/uploads\/2022\/08\/Smedje2-1-1130x848.jpg 1130w, https:\/\/lendumhistorie.dk\/wp-content\/uploads\/2022\/08\/Smedje2-1-760x570.jpg 760w\" sizes=\"auto, (max-width: 1024px) 100vw, 1024px\" \/><figcaption><em>En stor samling af hamre viser at en smed skulle kunne smede mange forskellige ting.<\/em><\/figcaption><\/figure>\n\n\n\n<p><strong>Marys Hus<\/strong><\/p>\n\n\n\n<p>Et andet eksempel p\u00e5 opbakningen til at bevare byens historie er huset ved siden af Egnssamlingens hovedbygning &#8211; Marys Hus, som samlingen fik mulighed for at overtage. <\/p>\n\n\n\n<figure class=\"wp-block-image size-large\"><img loading=\"lazy\" decoding=\"async\" width=\"1024\" height=\"768\" src=\"https:\/\/lendumhistorie.dk\/wp-content\/uploads\/2022\/08\/Maryshus-1024x768.jpg\" alt=\"\" class=\"wp-image-521\" srcset=\"https:\/\/lendumhistorie.dk\/wp-content\/uploads\/2022\/08\/Maryshus-1024x768.jpg 1024w, https:\/\/lendumhistorie.dk\/wp-content\/uploads\/2022\/08\/Maryshus-300x225.jpg 300w, https:\/\/lendumhistorie.dk\/wp-content\/uploads\/2022\/08\/Maryshus-768x576.jpg 768w, https:\/\/lendumhistorie.dk\/wp-content\/uploads\/2022\/08\/Maryshus-1536x1152.jpg 1536w, https:\/\/lendumhistorie.dk\/wp-content\/uploads\/2022\/08\/Maryshus-2048x1536.jpg 2048w, https:\/\/lendumhistorie.dk\/wp-content\/uploads\/2022\/08\/Maryshus-1130x848.jpg 1130w, https:\/\/lendumhistorie.dk\/wp-content\/uploads\/2022\/08\/Maryshus-760x570.jpg 760w\" sizes=\"auto, (max-width: 1024px) 100vw, 1024px\" \/><\/figure>\n\n\n\n<p>                                                                                               <\/p>\n\n\n\n<figure class=\"wp-block-image size-large\"><img loading=\"lazy\" decoding=\"async\" width=\"1024\" height=\"768\" src=\"https:\/\/lendumhistorie.dk\/wp-content\/uploads\/2022\/08\/Maryshus2-1024x768.jpg\" alt=\"\" class=\"wp-image-522\" srcset=\"https:\/\/lendumhistorie.dk\/wp-content\/uploads\/2022\/08\/Maryshus2-1024x768.jpg 1024w, https:\/\/lendumhistorie.dk\/wp-content\/uploads\/2022\/08\/Maryshus2-300x225.jpg 300w, https:\/\/lendumhistorie.dk\/wp-content\/uploads\/2022\/08\/Maryshus2-768x576.jpg 768w, https:\/\/lendumhistorie.dk\/wp-content\/uploads\/2022\/08\/Maryshus2-1536x1152.jpg 1536w, https:\/\/lendumhistorie.dk\/wp-content\/uploads\/2022\/08\/Maryshus2-2048x1536.jpg 2048w, https:\/\/lendumhistorie.dk\/wp-content\/uploads\/2022\/08\/Maryshus2-1130x848.jpg 1130w, https:\/\/lendumhistorie.dk\/wp-content\/uploads\/2022\/08\/Maryshus2-760x570.jpg 760w\" sizes=\"auto, (max-width: 1024px) 100vw, 1024px\" \/><figcaption>50&#8217;er k\u00f8kken i Marys Hus.<\/figcaption><\/figure>\n\n\n\n<figure class=\"wp-block-image size-large\"><img loading=\"lazy\" decoding=\"async\" width=\"1024\" height=\"768\" src=\"https:\/\/lendumhistorie.dk\/wp-content\/uploads\/2022\/08\/Mary4-1024x768.jpg\" alt=\"\" class=\"wp-image-523\" srcset=\"https:\/\/lendumhistorie.dk\/wp-content\/uploads\/2022\/08\/Mary4-1024x768.jpg 1024w, https:\/\/lendumhistorie.dk\/wp-content\/uploads\/2022\/08\/Mary4-300x225.jpg 300w, https:\/\/lendumhistorie.dk\/wp-content\/uploads\/2022\/08\/Mary4-768x576.jpg 768w, https:\/\/lendumhistorie.dk\/wp-content\/uploads\/2022\/08\/Mary4-1536x1152.jpg 1536w, https:\/\/lendumhistorie.dk\/wp-content\/uploads\/2022\/08\/Mary4-2048x1536.jpg 2048w, https:\/\/lendumhistorie.dk\/wp-content\/uploads\/2022\/08\/Mary4-1130x848.jpg 1130w, https:\/\/lendumhistorie.dk\/wp-content\/uploads\/2022\/08\/Mary4-760x570.jpg 760w\" sizes=\"auto, (max-width: 1024px) 100vw, 1024px\" \/><figcaption><em>Dagligstuen i Marys Hus.<\/em><\/figcaption><\/figure>\n\n\n\n<p><strong>Blokhus<\/strong><\/p>\n\n\n\n<p>En arvegave p\u00e5 1,2 mio. kr. gjorde det muligt for Egnssamlingen at indrette en Blokhus udstilling i et andet hus p\u00e5 den modsatte side af hovedbygningen. Her er blandt andet samlet indbo fra Klitgaard Badehotel. Niels Klitgaard var k\u00f8bmand, skudehandler og han lavede badehotel i Blokhus. <\/p>\n\n\n\n<figure class=\"wp-block-image size-large\"><img loading=\"lazy\" decoding=\"async\" width=\"1024\" height=\"768\" src=\"https:\/\/lendumhistorie.dk\/wp-content\/uploads\/2022\/08\/Blokhus1-1024x768.jpg\" alt=\"\" class=\"wp-image-524\" srcset=\"https:\/\/lendumhistorie.dk\/wp-content\/uploads\/2022\/08\/Blokhus1-1024x768.jpg 1024w, https:\/\/lendumhistorie.dk\/wp-content\/uploads\/2022\/08\/Blokhus1-300x225.jpg 300w, https:\/\/lendumhistorie.dk\/wp-content\/uploads\/2022\/08\/Blokhus1-768x576.jpg 768w, https:\/\/lendumhistorie.dk\/wp-content\/uploads\/2022\/08\/Blokhus1-1536x1152.jpg 1536w, https:\/\/lendumhistorie.dk\/wp-content\/uploads\/2022\/08\/Blokhus1-2048x1536.jpg 2048w, https:\/\/lendumhistorie.dk\/wp-content\/uploads\/2022\/08\/Blokhus1-1130x848.jpg 1130w, https:\/\/lendumhistorie.dk\/wp-content\/uploads\/2022\/08\/Blokhus1-760x570.jpg 760w\" sizes=\"auto, (max-width: 1024px) 100vw, 1024px\" \/><figcaption><em>Blokhus udstilling indeholder blandt andet fotos og andre ting fra k\u00f8bmand Niels Klitgaard tid.<\/em><\/figcaption><\/figure>\n\n\n\n<p><\/p>\n\n\n\n<p>Sl\u00e6gtsforskning er en del af aktiviterne i Egnssamlingen, men der fylder nok mindst. Samlingen spreder sig ogs\u00e5 over s\u00e5dan noget som gammelt h\u00e5ndarbejde med v\u00e6vestue, systue, h\u00e5ndv\u00e6rk og sm\u00e5produktion, flaskesamling fra Saltum Bryghus, t\u00f8rv- og briketproduktion, landk\u00f8kken og bryggers. Og s\u00e5 er der indrettet en stue kaldet Johans Univers med radioer m.v., som &#8220;Due Johan&#8221; fra Ingstrup lavede. Han var selvl\u00e6rt radiomekaniker med eget v\u00e6rksted. <\/p>\n\n\n\n<p>Her skal ikke n\u00e6vnes alt hvad bes\u00f8gende kan g\u00e5 p\u00e5 opdagelse i. Egnssamlingen er b\u00e5d et bes\u00f8g og genbes\u00f8g v\u00e6rd. Det har et stigende antal bes\u00f8gende. Herunder ogs\u00e5 turister.<\/p>\n\n\n\n<p>&#8220;Vi har bes\u00f8g af mange sommerhusg\u00e6ster, som har holdt ferie ved Saltum Strand i adskillige \u00e5r uden at de vidste at Egnssamlingen eksisterer og som nu kommer igen efter at de har v\u00e6ret her, oplyste Ruth Knudsen. <\/p>\n\n\n\n<p>&#8212;&#8212;&#8212;&#8212;&#8212;&#8212;&#8212;&#8211;<\/p>\n\n\n\n<p>Flere oplysninger om Egnssamlingens mange aktiviteter kan s\u00f8ges p\u00e5 www.engssamlingen.dk<\/p>\n\n\n\n<p><\/p>\n\n\n\n<figure class=\"wp-block-image size-large\"><img loading=\"lazy\" decoding=\"async\" width=\"1024\" height=\"1024\" src=\"https:\/\/lendumhistorie.dk\/wp-content\/uploads\/2022\/08\/Smedjen2-2-1024x1024.jpg\" alt=\"\" class=\"wp-image-527\" srcset=\"https:\/\/lendumhistorie.dk\/wp-content\/uploads\/2022\/08\/Smedjen2-2-1024x1024.jpg 1024w, https:\/\/lendumhistorie.dk\/wp-content\/uploads\/2022\/08\/Smedjen2-2-300x300.jpg 300w, https:\/\/lendumhistorie.dk\/wp-content\/uploads\/2022\/08\/Smedjen2-2-150x150.jpg 150w, https:\/\/lendumhistorie.dk\/wp-content\/uploads\/2022\/08\/Smedjen2-2-768x768.jpg 768w, https:\/\/lendumhistorie.dk\/wp-content\/uploads\/2022\/08\/Smedjen2-2-1536x1536.jpg 1536w, https:\/\/lendumhistorie.dk\/wp-content\/uploads\/2022\/08\/Smedjen2-2-2048x2048.jpg 2048w, https:\/\/lendumhistorie.dk\/wp-content\/uploads\/2022\/08\/Smedjen2-2-1130x1130.jpg 1130w, https:\/\/lendumhistorie.dk\/wp-content\/uploads\/2022\/08\/Smedjen2-2-760x760.jpg 760w\" sizes=\"auto, (max-width: 1024px) 100vw, 1024px\" \/><figcaption><em>Egnssamlingen f\u00e5r et stigende antal bes\u00f8g af turister, der holder ferie i sommerhus, andre g\u00e6ster og fra skoler. <\/em><\/figcaption><\/figure>\n","protected":false},"excerpt":{"rendered":"<p>N\u00e5r indsj\u00e6le rykker: Saltum opbygger lokalhistorisk perle: Egnssamlingen Tekst og foto: Poul Christoffersen &#8220;Der er meget mere at se p\u00e5 end jeg regnede med!&#8221; &#8220;Jeg er overrasket over, at der er samlet s\u00e5 meget.&#8221; &#8220;Der var en rigtig god ide at lade udflugten g\u00e5 til Engssamlingen.&#8221; S\u00e5dan l\u00f8d nogle af&#8230;<\/p>\n","protected":false},"author":1,"featured_media":0,"parent":0,"menu_order":0,"comment_status":"closed","ping_status":"closed","template":"","meta":{"footnotes":""},"class_list":["post-591","page","type-page","status-publish","hentry"],"_links":{"self":[{"href":"https:\/\/lendumhistorie.dk\/index.php\/wp-json\/wp\/v2\/pages\/591","targetHints":{"allow":["GET"]}}],"collection":[{"href":"https:\/\/lendumhistorie.dk\/index.php\/wp-json\/wp\/v2\/pages"}],"about":[{"href":"https:\/\/lendumhistorie.dk\/index.php\/wp-json\/wp\/v2\/types\/page"}],"author":[{"embeddable":true,"href":"https:\/\/lendumhistorie.dk\/index.php\/wp-json\/wp\/v2\/users\/1"}],"replies":[{"embeddable":true,"href":"https:\/\/lendumhistorie.dk\/index.php\/wp-json\/wp\/v2\/comments?post=591"}],"version-history":[{"count":5,"href":"https:\/\/lendumhistorie.dk\/index.php\/wp-json\/wp\/v2\/pages\/591\/revisions"}],"predecessor-version":[{"id":597,"href":"https:\/\/lendumhistorie.dk\/index.php\/wp-json\/wp\/v2\/pages\/591\/revisions\/597"}],"wp:attachment":[{"href":"https:\/\/lendumhistorie.dk\/index.php\/wp-json\/wp\/v2\/media?parent=591"}],"curies":[{"name":"wp","href":"https:\/\/api.w.org\/{rel}","templated":true}]}}