{"id":848,"date":"2023-04-16T13:17:16","date_gmt":"2023-04-16T13:17:16","guid":{"rendered":"https:\/\/lendumhistorie.dk\/?page_id=848"},"modified":"2023-04-16T13:17:16","modified_gmt":"2023-04-16T13:17:16","slug":"arkivbesoeg-i-lendum","status":"publish","type":"page","link":"https:\/\/lendumhistorie.dk\/index.php\/arkivbesoeg-i-lendum\/","title":{"rendered":"Arkivbes\u00f8g i Lendum"},"content":{"rendered":"\n<figure class=\"wp-block-image size-large is-resized\"><img loading=\"lazy\" decoding=\"async\" src=\"https:\/\/lendumhistorie.dk\/wp-content\/uploads\/2023\/04\/BesoegSlfhj-1024x282.jpg\" alt=\"\" class=\"wp-image-844\" width=\"836\" height=\"230\" srcset=\"https:\/\/lendumhistorie.dk\/wp-content\/uploads\/2023\/04\/BesoegSlfhj-1024x282.jpg 1024w, https:\/\/lendumhistorie.dk\/wp-content\/uploads\/2023\/04\/BesoegSlfhj-300x83.jpg 300w, https:\/\/lendumhistorie.dk\/wp-content\/uploads\/2023\/04\/BesoegSlfhj-768x212.jpg 768w, https:\/\/lendumhistorie.dk\/wp-content\/uploads\/2023\/04\/BesoegSlfhj-1536x424.jpg 1536w, https:\/\/lendumhistorie.dk\/wp-content\/uploads\/2023\/04\/BesoegSlfhj-2048x565.jpg 2048w, https:\/\/lendumhistorie.dk\/wp-content\/uploads\/2023\/04\/BesoegSlfhj-1130x312.jpg 1130w, https:\/\/lendumhistorie.dk\/wp-content\/uploads\/2023\/04\/BesoegSlfhj-760x210.jpg 760w\" sizes=\"auto, (max-width: 836px) 100vw, 836px\" \/><figcaption class=\"wp-element-caption\"><em>G\u00e6sterne havde medbragt en &#8220;arkivkringle&#8221;, som blev nydt under kaffen.  Foto: Jan Rasmussen<\/em><\/figcaption><\/figure>\n\n\n\n<h4 class=\"wp-block-heading\">F\u00f8r p\u00e5ske havde arkivet i Lendum bes\u00f8g fra Sl\u00e6gtshistorisk Forening for Hj\u00f8rring og Omegn, som umiddelbart efter p\u00e5ske lagde et referat fra bes\u00f8get ud p\u00e5 foreningens egen hjemmeside. <strong>Referatet starter s\u00e5ledes:<\/strong><\/h4>\n\n\n\n<p><em>Henne i hj\u00f8rnet, nede i k\u00e6lderen &#8211; glider man ned ad trappen og f\u00e5r en kop kaffe, s\u00e5 g\u00e5r hum\u00f8ret op.<\/em> <em>S\u00e5dan skriver Poul Christoffersen fra lokalarkivet p\u00e5 Lendum Bys aktive facebook. <\/em><\/p>\n\n\n\n<p>Og referatet forts\u00e6tter: Vi har i \u00e5renes l\u00f8b efterh\u00e5nden bes\u00f8gt hovedparten af egnens lokalarkiver, og vi har set meget forskellige forhold. Hver gang er det en overraskelse hvad der venter os. Denne gang var det Lendum Lokalarkiv, som med stor hjertevarme holder til i sm\u00e5 k\u00e6lderlokaler under Lendum Skole. 6 personer var m\u00f8dt op for at fort\u00e6lle os om deres interesse i ikke bar at holde arkivet i gang, men ogs\u00e5 i at f\u00e5 Lendum by til at leve og vokse. <\/p>\n\n\n\n<p>Arkivet havde stor orden i deres materialer, s\u00e5 alt kunne nemt findes frem. Derimod var der kun lagt f\u00e5 fotos p\u00e5 Arkibas. Arkivet har holdt en byvandring, der forl\u00f8b med s\u00e5 stor succes, at den skal gentages i for\u00e5ret i en nye omr\u00e5der af Lendum. Der kom 40 mennesker sidst. Der er vist ikke mange, der kan prale af. Interessen i lokalomr\u00e5det afspejler ogs\u00e5, at lokalarkivet i denne relativt lille by har 70 medlemmer. Ikke s\u00e5 m\u00e6rkeligt, at der er en lille tilvandring i Lendum.<\/p>\n\n\n\n<p>Foreningen har en fin hjemmeside med historier om personer, sjove lokale historier og ark\u00e6ologiske find i Lendum. (Lendumhistorie.dk).<\/p>\n\n\n\n<p>Der var en ualmindelig god stemning i arkivet med lidt drilleri indbyrdes. Vi fik fortalt hele Lendums historie fra en by delt op i vesterby og \u00f8sterby, der sloges i skolen og p\u00e5 markedet, og hvor hver bydel havde deres egne, mens ens butikker, s\u00e5gar en karetmager, til i dag, hvor man st\u00e5r sammen om at g\u00f8re byen attraktiv. Byen delte tidligere pr\u00e6st med en nabosogn, og m\u00e5tte derfor n\u00f8jes med en kapellan. I dag har man egen pr\u00e6st. Toget kan aldrig forbi, men tidligere (ak ak) var der stor busaktivitet. Her udsprang der blandt de fremm\u00f8dte en debat om, hvorvidt Lendum borgerne, som bor n\u00e6rmere Frederikshavn end Hj\u00f8rring, f\u00f8lte sig mere knyttet til den ene eller ander &#8220;storby&#8221;. Det synes at afh\u00e6nge af, hvor man arbejdede. Der var ikke nogen entydig svar p\u00e5 herp\u00e5, ikke engang hvilket gymnasium b\u00f8rnene frekventerede&#8230;&#8230;.Og s\u00e5 var der arkivkringle.<\/p>\n\n\n\n<figure class=\"wp-block-image size-large\"><img loading=\"lazy\" decoding=\"async\" width=\"1024\" height=\"768\" src=\"https:\/\/lendumhistorie.dk\/wp-content\/uploads\/2023\/04\/Slfhj-2-1024x768.jpg\" alt=\"\" class=\"wp-image-849\" srcset=\"https:\/\/lendumhistorie.dk\/wp-content\/uploads\/2023\/04\/Slfhj-2-1024x768.jpg 1024w, https:\/\/lendumhistorie.dk\/wp-content\/uploads\/2023\/04\/Slfhj-2-300x225.jpg 300w, https:\/\/lendumhistorie.dk\/wp-content\/uploads\/2023\/04\/Slfhj-2-768x576.jpg 768w, https:\/\/lendumhistorie.dk\/wp-content\/uploads\/2023\/04\/Slfhj-2-1536x1152.jpg 1536w, https:\/\/lendumhistorie.dk\/wp-content\/uploads\/2023\/04\/Slfhj-2-2048x1536.jpg 2048w, https:\/\/lendumhistorie.dk\/wp-content\/uploads\/2023\/04\/Slfhj-2-1130x848.jpg 1130w, https:\/\/lendumhistorie.dk\/wp-content\/uploads\/2023\/04\/Slfhj-2-760x570.jpg 760w\" sizes=\"auto, (max-width: 1024px) 100vw, 1024px\" \/><figcaption class=\"wp-element-caption\">F\u00f8r bes\u00f8get sluttede tog Jan Rasmussen fra Sl\u00e6gtshistorisk Forening for Hj\u00f8rring og Omegn dette vellignende foto af Lendum-arkivets bestyrelse + suppleant.<\/figcaption><\/figure>\n","protected":false},"excerpt":{"rendered":"<p>F\u00f8r p\u00e5ske havde arkivet i Lendum bes\u00f8g fra Sl\u00e6gtshistorisk Forening for Hj\u00f8rring og Omegn, som umiddelbart efter p\u00e5ske lagde et referat fra bes\u00f8get ud p\u00e5 foreningens egen hjemmeside. Referatet starter s\u00e5ledes: Henne i hj\u00f8rnet, nede i k\u00e6lderen &#8211; glider man ned ad trappen og f\u00e5r en kop kaffe, s\u00e5 g\u00e5r&#8230;<\/p>\n","protected":false},"author":1,"featured_media":0,"parent":0,"menu_order":0,"comment_status":"closed","ping_status":"closed","template":"","meta":{"footnotes":""},"class_list":["post-848","page","type-page","status-publish","hentry"],"_links":{"self":[{"href":"https:\/\/lendumhistorie.dk\/index.php\/wp-json\/wp\/v2\/pages\/848","targetHints":{"allow":["GET"]}}],"collection":[{"href":"https:\/\/lendumhistorie.dk\/index.php\/wp-json\/wp\/v2\/pages"}],"about":[{"href":"https:\/\/lendumhistorie.dk\/index.php\/wp-json\/wp\/v2\/types\/page"}],"author":[{"embeddable":true,"href":"https:\/\/lendumhistorie.dk\/index.php\/wp-json\/wp\/v2\/users\/1"}],"replies":[{"embeddable":true,"href":"https:\/\/lendumhistorie.dk\/index.php\/wp-json\/wp\/v2\/comments?post=848"}],"version-history":[{"count":2,"href":"https:\/\/lendumhistorie.dk\/index.php\/wp-json\/wp\/v2\/pages\/848\/revisions"}],"predecessor-version":[{"id":851,"href":"https:\/\/lendumhistorie.dk\/index.php\/wp-json\/wp\/v2\/pages\/848\/revisions\/851"}],"wp:attachment":[{"href":"https:\/\/lendumhistorie.dk\/index.php\/wp-json\/wp\/v2\/media?parent=848"}],"curies":[{"name":"wp","href":"https:\/\/api.w.org\/{rel}","templated":true}]}}