{"id":876,"date":"2023-09-19T14:43:10","date_gmt":"2023-09-19T14:43:10","guid":{"rendered":"https:\/\/lendumhistorie.dk\/?page_id=876"},"modified":"2023-09-19T14:43:10","modified_gmt":"2023-09-19T14:43:10","slug":"besoeg-paa-bindslev-haandvaerkermuseum","status":"publish","type":"page","link":"https:\/\/lendumhistorie.dk\/index.php\/besoeg-paa-bindslev-haandvaerkermuseum\/","title":{"rendered":"Bes\u00f8g p\u00e5 Bindslev H\u00e5ndv\u00e6rkermuseum"},"content":{"rendered":"\n<h3 class=\"wp-block-heading\">Bestyrelsen for Lendum sogns lokalhistoriske arkiv p\u00e5 udflugt for at se p\u00e5 redskaber og maskiner fra \u00e5rhundrede \u00e5r gamle landsbyh\u00e5ndv\u00e6rk, som for nogles h\u00e5ndv\u00e6rks vedkommende er n\u00e6rmest udd\u00f8d<\/h3>\n\n\n\n<p>Bindslev H\u00e5ndv\u00e6rkermuseum startede i 1990 p\u00e5 privat initiativ, men museet er i dag organiseret som en selvejende institution og drevet af frivillige. Herunder en af museets stiftere.<\/p>\n\n\n\n<p>&#8220;Det v\u00e6ret sp\u00e6ndende at v\u00e6re med til at lave et museum i min svigerfars gamle v\u00e6rksted&#8221;, siger Edel Jacobsen, som sammen med sin mand Jens Jacobsen fik den oplagte ide, at hans far A. C. Jacobsens efterladte  redskaber og maskiner i t\u00f8mrer- og snedkerv\u00e6rksted var et godt udgangspunkt for at oprette museet. <\/p>\n\n\n\n<p>A. C. Jacobsen k\u00f8bte ejendommen med v\u00e6rksted og hus for ca. 100 \u00e5r siden, og han drev virksomheden i en tidsperiode, hvor der var masser af h\u00e5ndv\u00e6rk. Museet skriver selv p\u00e5 dets hjemmeside, at i starten af 1900-tallet var der 14 t\u00f8mrere og snedkere, 13 murere, 6 smede, 6 skomagere, 4 karetmagere og 3 malere.<\/p>\n\n\n\n<figure class=\"wp-block-gallery has-nested-images columns-default is-cropped wp-block-gallery-1 is-layout-flex wp-block-gallery-is-layout-flex\">\n<figure class=\"wp-block-image size-large\"><img loading=\"lazy\" decoding=\"async\" width=\"1024\" height=\"977\" data-id=\"885\" src=\"https:\/\/lendumhistorie.dk\/wp-content\/uploads\/2023\/09\/skaroekse-2-1024x977.jpg\" alt=\"\" class=\"wp-image-885\" srcset=\"https:\/\/lendumhistorie.dk\/wp-content\/uploads\/2023\/09\/skaroekse-2-1024x977.jpg 1024w, https:\/\/lendumhistorie.dk\/wp-content\/uploads\/2023\/09\/skaroekse-2-300x286.jpg 300w, https:\/\/lendumhistorie.dk\/wp-content\/uploads\/2023\/09\/skaroekse-2-768x733.jpg 768w, https:\/\/lendumhistorie.dk\/wp-content\/uploads\/2023\/09\/skaroekse-2-1536x1466.jpg 1536w, https:\/\/lendumhistorie.dk\/wp-content\/uploads\/2023\/09\/skaroekse-2-2048x1955.jpg 2048w, https:\/\/lendumhistorie.dk\/wp-content\/uploads\/2023\/09\/skaroekse-2-1130x1079.jpg 1130w, https:\/\/lendumhistorie.dk\/wp-content\/uploads\/2023\/09\/skaroekse-2-760x725.jpg 760w\" sizes=\"auto, (max-width: 1024px) 100vw, 1024px\" \/><figcaption class=\"wp-element-caption\">Edel Jacobsen viser en skar\u00f8kse<\/figcaption><\/figure>\n\n\n\n<figure class=\"wp-block-image size-large\"><img loading=\"lazy\" decoding=\"async\" width=\"1024\" height=\"768\" data-id=\"881\" src=\"https:\/\/lendumhistorie.dk\/wp-content\/uploads\/2023\/09\/skomager-1-1024x768.jpg\" alt=\"\" class=\"wp-image-881\" srcset=\"https:\/\/lendumhistorie.dk\/wp-content\/uploads\/2023\/09\/skomager-1-1024x768.jpg 1024w, https:\/\/lendumhistorie.dk\/wp-content\/uploads\/2023\/09\/skomager-1-300x225.jpg 300w, https:\/\/lendumhistorie.dk\/wp-content\/uploads\/2023\/09\/skomager-1-768x576.jpg 768w, https:\/\/lendumhistorie.dk\/wp-content\/uploads\/2023\/09\/skomager-1-1536x1152.jpg 1536w, https:\/\/lendumhistorie.dk\/wp-content\/uploads\/2023\/09\/skomager-1-2048x1536.jpg 2048w, https:\/\/lendumhistorie.dk\/wp-content\/uploads\/2023\/09\/skomager-1-1130x848.jpg 1130w, https:\/\/lendumhistorie.dk\/wp-content\/uploads\/2023\/09\/skomager-1-760x570.jpg 760w\" sizes=\"auto, (max-width: 1024px) 100vw, 1024px\" \/><figcaption class=\"wp-element-caption\">Fra den ortop\u00e6diske skomagers v\u00e6rksted<\/figcaption><\/figure>\n\n\n\n<figure class=\"wp-block-image size-large\"><img loading=\"lazy\" decoding=\"async\" width=\"768\" height=\"1024\" data-id=\"884\" src=\"https:\/\/lendumhistorie.dk\/wp-content\/uploads\/2023\/09\/telefoncentral-768x1024.jpg\" alt=\"\" class=\"wp-image-884\" srcset=\"https:\/\/lendumhistorie.dk\/wp-content\/uploads\/2023\/09\/telefoncentral-768x1024.jpg 768w, https:\/\/lendumhistorie.dk\/wp-content\/uploads\/2023\/09\/telefoncentral-225x300.jpg 225w, https:\/\/lendumhistorie.dk\/wp-content\/uploads\/2023\/09\/telefoncentral-1152x1536.jpg 1152w, https:\/\/lendumhistorie.dk\/wp-content\/uploads\/2023\/09\/telefoncentral-1536x2048.jpg 1536w, https:\/\/lendumhistorie.dk\/wp-content\/uploads\/2023\/09\/telefoncentral-1130x1507.jpg 1130w, https:\/\/lendumhistorie.dk\/wp-content\/uploads\/2023\/09\/telefoncentral-760x1013.jpg 760w, https:\/\/lendumhistorie.dk\/wp-content\/uploads\/2023\/09\/telefoncentral-scaled.jpg 1920w\" sizes=\"auto, (max-width: 768px) 100vw, 768px\" \/><figcaption class=\"wp-element-caption\">Telefoncentral fra Uggerby havde fra starten i 1914 i alt 14 abonnenter<\/figcaption><\/figure>\n\n\n\n<figure class=\"wp-block-image size-large\"><img loading=\"lazy\" decoding=\"async\" width=\"1024\" height=\"768\" data-id=\"882\" src=\"https:\/\/lendumhistorie.dk\/wp-content\/uploads\/2023\/09\/Laererinventar-1024x768.jpg\" alt=\"\" class=\"wp-image-882\" srcset=\"https:\/\/lendumhistorie.dk\/wp-content\/uploads\/2023\/09\/Laererinventar-1024x768.jpg 1024w, https:\/\/lendumhistorie.dk\/wp-content\/uploads\/2023\/09\/Laererinventar-300x225.jpg 300w, https:\/\/lendumhistorie.dk\/wp-content\/uploads\/2023\/09\/Laererinventar-768x576.jpg 768w, https:\/\/lendumhistorie.dk\/wp-content\/uploads\/2023\/09\/Laererinventar-1536x1152.jpg 1536w, https:\/\/lendumhistorie.dk\/wp-content\/uploads\/2023\/09\/Laererinventar-2048x1536.jpg 2048w, https:\/\/lendumhistorie.dk\/wp-content\/uploads\/2023\/09\/Laererinventar-1130x848.jpg 1130w, https:\/\/lendumhistorie.dk\/wp-content\/uploads\/2023\/09\/Laererinventar-760x570.jpg 760w\" sizes=\"auto, (max-width: 1024px) 100vw, 1024px\" \/><figcaption class=\"wp-element-caption\">B\u00f8rge Jensen fort\u00e6ller om inventaret fra gammel l\u00e6rerbolig &#8211; opbevaret p\u00e5 museets loft<\/figcaption><\/figure>\n<\/figure>\n\n\n\n<p>Museet rummer en st\u00f8rre samling v\u00e6rkt\u00f8j og andet udstyr fra flere af disse fag og mindre samlinger fra andre fag, og som var fra den tid, hvor h\u00e5ndv\u00e6rk vitterlig var h\u00e5ndens v\u00e6rk og endnu ikke var mekaniseret.<\/p>\n\n\n\n<p>&#8220;En af skomagerne var ortop\u00e6disk skomager, og hans ting fik museet bagefter efter han var stoppet&#8221;, oplyser Edel under rundvisningen. I et andet rum tager hun en drabelig stor \u00f8kse ned fra v\u00e6ggen og fort\u00e6ller: &#8220;Det er en skar\u00f8kse, som blev forbudt. Det protesterede skibst\u00f8mrere imod, for den \u00f8kse kunne de slet ikke undv\u00e6re. De fik lov til fortsat at bruge \u00f8ksen.&#8221;<\/p>\n\n\n\n<p> Det lille egnsmuseum har ogs\u00e5 fundet plads til historiske levn fra andre landsbyer end Bindslev, herunder en fuldt udstyret telefoncentral fra 1914, og som har v\u00e6ret brugt i Uggerby.<\/p>\n\n\n\n<p>B\u00f8rge Jensen, en anden frivillig hos Bindslev H\u00e5ndv\u00e6rkermuseum viser rundt p\u00e5 loftet over v\u00e6rkstedet, hvor der er opbevaret remedier fra handelslivet, og s\u00e5 gemmer et stort hj\u00f8rne af loftet p\u00e5 inventar fra en l\u00e6rerbolig, hvor l\u00e6rer Christoffersen og hustru boede. De virkede i mange \u00e5r som l\u00e6rere i den for l\u00e6ngst nedlagte Sdr. Bindslev Skole. <\/p>\n\n\n\n<p>Der er \u00e5bent til museet i skolerne sommerferie, og efter aftale med for eksempel foreninger, som gerne vil p\u00e5 bes\u00f8g. <\/p>\n","protected":false},"excerpt":{"rendered":"<p>Bestyrelsen for Lendum sogns lokalhistoriske arkiv p\u00e5 udflugt for at se p\u00e5 redskaber og maskiner fra \u00e5rhundrede \u00e5r gamle landsbyh\u00e5ndv\u00e6rk, som for nogles h\u00e5ndv\u00e6rks vedkommende er n\u00e6rmest udd\u00f8d Bindslev H\u00e5ndv\u00e6rkermuseum startede i 1990 p\u00e5 privat initiativ, men museet er i dag organiseret som en selvejende institution og drevet af frivillige&#8230;.<\/p>\n","protected":false},"author":1,"featured_media":0,"parent":0,"menu_order":0,"comment_status":"closed","ping_status":"closed","template":"","meta":{"footnotes":""},"class_list":["post-876","page","type-page","status-publish","hentry"],"_links":{"self":[{"href":"https:\/\/lendumhistorie.dk\/index.php\/wp-json\/wp\/v2\/pages\/876","targetHints":{"allow":["GET"]}}],"collection":[{"href":"https:\/\/lendumhistorie.dk\/index.php\/wp-json\/wp\/v2\/pages"}],"about":[{"href":"https:\/\/lendumhistorie.dk\/index.php\/wp-json\/wp\/v2\/types\/page"}],"author":[{"embeddable":true,"href":"https:\/\/lendumhistorie.dk\/index.php\/wp-json\/wp\/v2\/users\/1"}],"replies":[{"embeddable":true,"href":"https:\/\/lendumhistorie.dk\/index.php\/wp-json\/wp\/v2\/comments?post=876"}],"version-history":[{"count":3,"href":"https:\/\/lendumhistorie.dk\/index.php\/wp-json\/wp\/v2\/pages\/876\/revisions"}],"predecessor-version":[{"id":886,"href":"https:\/\/lendumhistorie.dk\/index.php\/wp-json\/wp\/v2\/pages\/876\/revisions\/886"}],"wp:attachment":[{"href":"https:\/\/lendumhistorie.dk\/index.php\/wp-json\/wp\/v2\/media?parent=876"}],"curies":[{"name":"wp","href":"https:\/\/api.w.org\/{rel}","templated":true}]}}